{"id":146,"date":"2020-09-03T18:44:50","date_gmt":"2020-09-03T18:44:50","guid":{"rendered":"http:\/\/127.0.0.1:81\/wordpress\/?page_id=146"},"modified":"2023-05-16T05:10:24","modified_gmt":"2023-05-16T05:10:24","slug":"restauracijas-centrs","status":"publish","type":"page","link":"https:\/\/unesco.kuldiga.lv\/lv\/restauracijas-centrs\/","title":{"rendered":"Restaur\u0101cijas centrs"},"content":{"rendered":"\t\t<div data-elementor-type=\"wp-page\" data-elementor-id=\"146\" class=\"elementor elementor-146\">\n\t\t\t\t\t\t<section class=\"elementor-section elementor-top-section elementor-element elementor-element-691aabc2 elementor-section-boxed elementor-section-height-default elementor-section-height-default\" data-id=\"691aabc2\" data-element_type=\"section\" data-e-type=\"section\">\n\t\t\t\t\t\t<div class=\"elementor-container elementor-column-gap-default\">\n\t\t\t\t\t<div class=\"elementor-column elementor-col-100 elementor-top-column elementor-element elementor-element-64b51dc1\" data-id=\"64b51dc1\" data-element_type=\"column\" data-e-type=\"column\">\n\t\t\t<div class=\"elementor-widget-wrap elementor-element-populated\">\n\t\t\t\t\t\t<div class=\"elementor-element elementor-element-7fb5f646 elementor-widget elementor-widget-text-editor\" data-id=\"7fb5f646\" data-element_type=\"widget\" data-e-type=\"widget\" data-no-translation=\"\" data-widget_type=\"text-editor.default\">\n\t\t\t\t<div class=\"elementor-widget-container\">\n\t\t\t\t\t\t\t\t\t<iframe src=\"https:\/\/prezi.com\/view\/0NzpkaYfPhPsFux1jQmK\/embed\" width=\"650\" height=\"465\" allowfullscreen=\"allowfullscreen\" data-mce-fragment=\"1\"><\/iframe>\n\nKuld\u012bgas Restaur\u0101cijas centrs p\u0113c Kuld\u012bgas novada Domes iniciat\u012bvas ar Norv\u0113\u0123ijas finan\u0161u instrumenta atbalstu ir veidots k\u0101 koka restaur\u0101cijas darbn\u012bca, atbilsto\u0161i ieg\u0101d\u0101ts tehniskais apr\u012bkojums un darbar\u012bki. Centrs darb\u012bbu uzs\u0101cis 2010. gada s\u0101kum\u0101. T\u0101 darb\u012bbas m\u0113r\u0137i ir nodro\u0161in\u0101t Kuld\u012bgas vecpils\u0113tas kult\u016brv\u0113sturisk\u0101 mantojuma autentiskuma saglab\u0101\u0161anu n\u0101kamaj\u0101m paaudz\u0113m, veicot konserv\u0101cijas un restaur\u0101cijas darbus atbilsto\u0161i m\u016bsdienu pras\u012bb\u0101m un konsult\u0113jot iedz\u012bvot\u0101jus par \u0113ku saglab\u0101\u0161anu un uztur\u0113\u0161anu. Ikdien\u0101 centra speci\u0101listi izgl\u012bto vecpils\u0113tas iedz\u012bvot\u0101jus un v\u0113sturisko dz\u012bvojamo m\u0101ju \u012bpa\u0161niekus, rosina vi\u0146u izpratni par kult\u016brv\u0113sturisko mantojumu, t\u0101 saglab\u0101\u0161anas noz\u012bmi un v\u0113rt\u012bbu sabiedr\u012bbai.\n\nCentra darb\u012bbas laik\u0101 amatnieki paveiku\u0161i noz\u012bm\u012bgu vecpils\u0113tas \u0113ku koka b\u016bvgaldniec\u012bbas deta\u013cu gl\u0101b\u0161anu, \u012bstenoju\u0161i durvju gl\u0101b\u0161anas programmu \u2013 konserv\u0101ciju 15 unik\u0101liem durvju komplektiem, kop\u0161 2010. gada notiek akcija iedz\u012bvot\u0101jiem \u201eLogu regul\u0101r\u0101 apkope ar logu \u0137it\u0113\u0161anu\u201d, paveikta\u00a0 zudu\u0161o logu sl\u0113\u0123u atjauno\u0161ana vair\u0101k\u0101m \u0113k\u0101m, tiek veikta unik\u0101lo vecpils\u0113tas koka arhitekt\u016bras formu restaur\u0101cija \u2013 lieve\u0146i, nojumes, kompleksi kokgriezumi. Ik gadus tiek r\u012bkota starptautiska restaur\u0101cijas darbn\u012bca, lai sniegt ieskatu par korektas restaur\u0101cijas principiem Eirop\u0101, iepaz\u012btos ar da\u017e\u0101du valstu restaur\u0101cijas pieredzi. Darbn\u012bcas laik\u0101 dal\u012bbniekiem tiek nodro\u0161in\u0101ts izgl\u012btojo\u0161s kurss par piem\u0113rotu restaur\u0101cijas meto\u017eu izv\u0113li koka b\u016bvgaldniec\u012bbas elementu boj\u0101jumu nov\u0113r\u0161anai, tiek veikti praktiski koka restaur\u0101cijas darbi, t\u0101d\u0113j\u0101di apg\u016bstot praktiskas protez\u0113\u0161anas, kr\u0101so\u0161anas un grunt\u0113\u0161anas metodes pieredz\u0113ju\u0161u restauratoru vad\u012bb\u0101, vienlaic\u012bgi radot kvalitat\u012bvus restaur\u0101cijas paraugus Kuld\u012bgas vecpils\u0113t\u0101.\n\n<strong>Centra darb\u012bbas m\u0113r\u0137i:<\/strong>\n<ul>\n \t<li>Nodro\u0161in\u0101t Kuld\u012bgas v\u0113sturisk\u0101 mantojuma autentiskuma saglab\u0101\u0161anu n\u0101kamaj\u0101m paaudz\u0113m;<\/li>\n \t<li>Nodro\u0161in\u0101t amatniec\u012bbas trad\u012bciju p\u0101rmantojam\u012bbu un v\u0113sturisko amatniec\u012bbas prasmju ilgtsp\u0113ju.<\/li>\n<\/ul>\n<strong>Centra uzdevumi:<\/strong>\n<ul>\n \t<li>Konsult\u0113t iedz\u012bvot\u0101jus un vecpils\u0113tas \u0113ku \u012bpa\u0161niekus par \u0113ku saglab\u0101\u0161anas un restaur\u0101cijas jaut\u0101jumiem;<\/li>\n \t<li>Veicin\u0101t iedz\u012bvot\u0101ju izpratni par Kuld\u012bgas v\u0113sturiskaj\u0101m v\u0113rt\u012bb\u0101m;<\/li>\n \t<li>Populariz\u0113t Kuld\u012bgas v\u0113rt\u012bbas Latvijas un \u0101rvalstu iedz\u012bvot\u0101jiem;<\/li>\n \t<li>Veikt praktiskus koka b\u016bvgaldniec\u012bbas restaur\u0101cijas darbus<\/li>\n \t<li>Veikt v\u0113sturisko \u0113ku apseko\u0161anu Kuld\u012bgas novad\u0101;<\/li>\n \t<li>Apzin\u0101t steidzami veicamos \u0113ku saglab\u0101\u0161anas darbus vecpils\u0113t\u0101, lai nov\u0113rstu \u012bpa\u0161i unik\u0101lu deta\u013cu neatgriezenisku boj\u0101eju;<\/li>\n \t<li>Veikt finans\u0113juma piesaisti no Latvijas un \u0101rvalstu fondiem, lai sekm\u0113tu izp\u0113tes un restaur\u0101cijas darbu norisi;<\/li>\n \t<li>Nodro\u0161in\u0101t sadarb\u012bbu ar Latvijas un \u0101rvalstu ekspertiem;<\/li>\n \t<li>Turpin\u0101t darbu pie \u201emateri\u0101lu bankas\u201d papildin\u0101\u0161anas.<\/li>\n<\/ul>\n<strong>Centra sniegtie pakalpojumi:<\/strong>\n<ul>\n \t<li>B\u016bvgaldniec\u012bbas elementu restaur\u0101cija;<\/li>\n \t<li>Konsult\u0101ciju snieg\u0161ana iedz\u012bvot\u0101jiem, \u0113ku \u012bpa\u0161niekiem un apsaimniekot\u0101jiem;<\/li>\n \t<li>\u201eMateri\u0101lu bankas\u201d papildin\u0101\u0161ana un izmanto\u0161ana;<\/li>\n \t<li>V\u0113sturisko \u0113ku izp\u0113te;<\/li>\n \t<li>Iesp\u0113ja izmantot Restaur\u0101cijas centra darbn\u012bcas telpas un instrumentus, lai veiktu koka b\u016bvgaldniec\u012bbas elementu restaur\u0101ciju.<\/li>\n<\/ul>\n<p class=\"infotip-jck\"><strong>Kontakti:<\/strong><\/p>\nAdrese:\u00a0Bazn\u012bcas iel\u0101 30,\u00a0Kuld\u012bga, LV 3301\n\n<strong>Noda\u013cas vad\u012bt\u0101ja<\/strong>\nIlze Zari\u0146a\nT\u0101lrunis: 27021298\nE-pasts:\u00a0<span id=\"cloak605f713b27af9949c7c6b96f85801a18\"><a href=\"mailto:ilze.zarina@kuldiga.lv\">ILZE.ZARINA@KULDIGA.LV<\/a><\/span>\n\n<strong>Restaurators\/konsultants<\/strong>\nJ\u0101nis Mertens\nT\u0101lrunis: 29604434\nE-pasts:\u00a0<span id=\"cloak9fdef3057fecfa216071c2b2aaa49297\"><a href=\"mailto:janis.mertens@kuldiga.lv\">JANIS.MERTENS@KULDIGA.LV<\/a><\/span>\n\n<strong>Restaurators<\/strong>\nMihails Sivuhins\nE-pasts:\u00a0<span id=\"cloak6580677040709996ccdc8225beb799d1\"><a href=\"mailto:mihails.sivuhins@kuldiga.lv\">MIHAILS.SIVUHINS@KULDIGA.LV<\/a><\/span>\n\n<strong>Restaurators\u00a0<\/strong>\nAgris Zeidlers\nE-pasts:\u00a0<span id=\"cloak9273f311dc17b9e892f0ef5cc4e0e0cf\"><a href=\"mailto:agris.zeidlers@kuldiga.lv\">AGRIS.ZEIDLERS@KULDIGA.LV<\/a><\/span>\t\t\t\t\t\t\t\t<\/div>\n\t\t\t\t<\/div>\n\t\t\t\t\t<\/div>\n\t\t<\/div>\n\t\t\t\t\t<\/div>\n\t\t<\/section>\n\t\t\t\t<section class=\"elementor-section elementor-top-section elementor-element elementor-element-81d8246 elementor-section-boxed elementor-section-height-default elementor-section-height-default\" data-id=\"81d8246\" data-element_type=\"section\" data-e-type=\"section\">\n\t\t\t\t\t\t<div class=\"elementor-container elementor-column-gap-default\">\n\t\t\t\t\t<div class=\"elementor-column elementor-col-100 elementor-top-column elementor-element elementor-element-3e7b768\" data-id=\"3e7b768\" data-element_type=\"column\" data-e-type=\"column\">\n\t\t\t<div class=\"elementor-widget-wrap elementor-element-populated\">\n\t\t\t\t\t\t<div class=\"elementor-element elementor-element-4dde36c elementor-widget elementor-widget-video\" data-id=\"4dde36c\" data-element_type=\"widget\" data-e-type=\"widget\" data-settings=\"{&quot;youtube_url&quot;:&quot;https:\\\/\\\/www.youtube.com\\\/watch?v=NajgJAdeDPo&quot;,&quot;video_type&quot;:&quot;youtube&quot;,&quot;controls&quot;:&quot;yes&quot;}\" data-no-translation=\"\" data-widget_type=\"video.default\">\n\t\t\t\t<div class=\"elementor-widget-container\">\n\t\t\t\t\t\t\t<div class=\"elementor-wrapper elementor-open-inline\">\n\t\t\t<div class=\"elementor-video\"><\/div>\t\t<\/div>\n\t\t\t\t\t\t<\/div>\n\t\t\t\t<\/div>\n\t\t\t\t\t<\/div>\n\t\t<\/div>\n\t\t\t\t\t<\/div>\n\t\t<\/section>\n\t\t\t\t<section class=\"elementor-section elementor-top-section elementor-element elementor-element-b6b7ad5 elementor-section-boxed elementor-section-height-default elementor-section-height-default\" data-id=\"b6b7ad5\" data-element_type=\"section\" data-e-type=\"section\">\n\t\t\t\t\t\t<div class=\"elementor-container elementor-column-gap-default\">\n\t\t\t\t\t<div class=\"elementor-column elementor-col-33 elementor-top-column elementor-element elementor-element-679f107\" data-id=\"679f107\" data-element_type=\"column\" data-e-type=\"column\">\n\t\t\t<div class=\"elementor-widget-wrap elementor-element-populated\">\n\t\t\t\t\t\t<div class=\"elementor-element elementor-element-a6efad5 elementor-widget elementor-widget-video\" data-id=\"a6efad5\" data-element_type=\"widget\" data-e-type=\"widget\" data-settings=\"{&quot;youtube_url&quot;:&quot;https:\\\/\\\/www.youtube.com\\\/watch?v=vo1ngD52vLM&quot;,&quot;video_type&quot;:&quot;youtube&quot;,&quot;controls&quot;:&quot;yes&quot;}\" data-widget_type=\"video.default\">\n\t\t\t\t<div class=\"elementor-widget-container\">\n\t\t\t\t\t\t\t<div class=\"elementor-wrapper elementor-open-inline\">\n\t\t\t<div class=\"elementor-video\"><\/div>\t\t<\/div>\n\t\t\t\t\t\t<\/div>\n\t\t\t\t<\/div>\n\t\t\t\t\t<\/div>\n\t\t<\/div>\n\t\t\t\t<div class=\"elementor-column elementor-col-33 elementor-top-column elementor-element elementor-element-ac11224\" data-id=\"ac11224\" data-element_type=\"column\" data-e-type=\"column\">\n\t\t\t<div class=\"elementor-widget-wrap elementor-element-populated\">\n\t\t\t\t\t\t<div class=\"elementor-element elementor-element-40a7163 elementor-widget elementor-widget-video\" data-id=\"40a7163\" data-element_type=\"widget\" data-e-type=\"widget\" data-settings=\"{&quot;youtube_url&quot;:&quot;https:\\\/\\\/www.youtube.com\\\/watch?v=tYdNCyOZ_xw&quot;,&quot;video_type&quot;:&quot;youtube&quot;,&quot;controls&quot;:&quot;yes&quot;}\" data-widget_type=\"video.default\">\n\t\t\t\t<div class=\"elementor-widget-container\">\n\t\t\t\t\t\t\t<div class=\"elementor-wrapper elementor-open-inline\">\n\t\t\t<div class=\"elementor-video\"><\/div>\t\t<\/div>\n\t\t\t\t\t\t<\/div>\n\t\t\t\t<\/div>\n\t\t\t\t\t<\/div>\n\t\t<\/div>\n\t\t\t\t<div class=\"elementor-column elementor-col-33 elementor-top-column elementor-element elementor-element-18eb64b\" data-id=\"18eb64b\" data-element_type=\"column\" data-e-type=\"column\">\n\t\t\t<div class=\"elementor-widget-wrap elementor-element-populated\">\n\t\t\t\t\t\t<div class=\"elementor-element elementor-element-29278fb elementor-widget elementor-widget-video\" data-id=\"29278fb\" data-element_type=\"widget\" data-e-type=\"widget\" data-settings=\"{&quot;youtube_url&quot;:&quot;https:\\\/\\\/www.youtube.com\\\/watch?v=-9ZDgILgRAM&quot;,&quot;video_type&quot;:&quot;youtube&quot;,&quot;controls&quot;:&quot;yes&quot;}\" data-widget_type=\"video.default\">\n\t\t\t\t<div class=\"elementor-widget-container\">\n\t\t\t\t\t\t\t<div class=\"elementor-wrapper elementor-open-inline\">\n\t\t\t<div class=\"elementor-video\"><\/div>\t\t<\/div>\n\t\t\t\t\t\t<\/div>\n\t\t\t\t<\/div>\n\t\t\t\t\t<\/div>\n\t\t<\/div>\n\t\t\t\t\t<\/div>\n\t\t<\/section>\n\t\t\t\t<section class=\"elementor-section elementor-top-section elementor-element elementor-element-a5a3987 elementor-section-boxed elementor-section-height-default elementor-section-height-default\" data-id=\"a5a3987\" data-element_type=\"section\" data-e-type=\"section\">\n\t\t\t\t\t\t<div class=\"elementor-container elementor-column-gap-default\">\n\t\t\t\t\t<div class=\"elementor-column elementor-col-50 elementor-top-column elementor-element elementor-element-51736fb\" data-id=\"51736fb\" data-element_type=\"column\" data-e-type=\"column\">\n\t\t\t<div class=\"elementor-widget-wrap elementor-element-populated\">\n\t\t\t\t\t\t<div class=\"elementor-element elementor-element-069d2ee elementor-widget elementor-widget-video\" data-id=\"069d2ee\" data-element_type=\"widget\" data-e-type=\"widget\" data-settings=\"{&quot;youtube_url&quot;:&quot;https:\\\/\\\/www.youtube.com\\\/watch?v=ErAxY0zmkbs&quot;,&quot;video_type&quot;:&quot;youtube&quot;,&quot;controls&quot;:&quot;yes&quot;}\" data-widget_type=\"video.default\">\n\t\t\t\t<div class=\"elementor-widget-container\">\n\t\t\t\t\t\t\t<div class=\"elementor-wrapper elementor-open-inline\">\n\t\t\t<div class=\"elementor-video\"><\/div>\t\t<\/div>\n\t\t\t\t\t\t<\/div>\n\t\t\t\t<\/div>\n\t\t\t\t\t<\/div>\n\t\t<\/div>\n\t\t\t\t<div class=\"elementor-column elementor-col-50 elementor-top-column elementor-element elementor-element-e60b960\" data-id=\"e60b960\" data-element_type=\"column\" data-e-type=\"column\">\n\t\t\t<div class=\"elementor-widget-wrap elementor-element-populated\">\n\t\t\t\t\t\t<div class=\"elementor-element elementor-element-1d6bdca elementor-widget elementor-widget-video\" data-id=\"1d6bdca\" data-element_type=\"widget\" data-e-type=\"widget\" data-settings=\"{&quot;youtube_url&quot;:&quot;https:\\\/\\\/www.youtube.com\\\/watch?v=l4jnmVunDas&quot;,&quot;video_type&quot;:&quot;youtube&quot;,&quot;controls&quot;:&quot;yes&quot;}\" data-widget_type=\"video.default\">\n\t\t\t\t<div class=\"elementor-widget-container\">\n\t\t\t\t\t\t\t<div class=\"elementor-wrapper elementor-open-inline\">\n\t\t\t<div class=\"elementor-video\"><\/div>\t\t<\/div>\n\t\t\t\t\t\t<\/div>\n\t\t\t\t<\/div>\n\t\t\t\t\t<\/div>\n\t\t<\/div>\n\t\t\t\t\t<\/div>\n\t\t<\/section>\n\t\t\t\t<\/div>\n\t\t","protected":false},"excerpt":{"rendered":"<p>Kuld\u012bgas Restaur\u0101cijas centrs p\u0113c Kuld\u012bgas novada Domes iniciat\u012bvas ar Norv\u0113\u0123ijas finan\u0161u instrumenta atbalstu ir veidots k\u0101 koka restaur\u0101cijas darbn\u012bca, atbilsto\u0161i ieg\u0101d\u0101ts tehniskais apr\u012bkojums un darbar\u012bki. Centrs darb\u012bbu uzs\u0101cis 2010. gada s\u0101kum\u0101. T\u0101 darb\u012bbas m\u0113r\u0137i ir nodro\u0161in\u0101t Kuld\u012bgas vecpils\u0113tas kult\u016brv\u0113sturisk\u0101 mantojuma autentiskuma saglab\u0101\u0161anu n\u0101kamaj\u0101m paaudz\u0113m, veicot konserv\u0101cijas un restaur\u0101cijas darbus atbilsto\u0161i &hellip;<\/p>\n","protected":false},"author":1,"featured_media":0,"parent":0,"menu_order":0,"comment_status":"closed","ping_status":"closed","template":"","meta":{"footnotes":""},"class_list":["post-146","page","type-page","status-publish","hentry"],"_links":{"self":[{"href":"https:\/\/unesco.kuldiga.lv\/lv\/wp-json\/wp\/v2\/pages\/146","targetHints":{"allow":["GET"]}}],"collection":[{"href":"https:\/\/unesco.kuldiga.lv\/lv\/wp-json\/wp\/v2\/pages"}],"about":[{"href":"https:\/\/unesco.kuldiga.lv\/lv\/wp-json\/wp\/v2\/types\/page"}],"author":[{"embeddable":true,"href":"https:\/\/unesco.kuldiga.lv\/lv\/wp-json\/wp\/v2\/users\/1"}],"replies":[{"embeddable":true,"href":"https:\/\/unesco.kuldiga.lv\/lv\/wp-json\/wp\/v2\/comments?post=146"}],"version-history":[{"count":50,"href":"https:\/\/unesco.kuldiga.lv\/lv\/wp-json\/wp\/v2\/pages\/146\/revisions"}],"predecessor-version":[{"id":539,"href":"https:\/\/unesco.kuldiga.lv\/lv\/wp-json\/wp\/v2\/pages\/146\/revisions\/539"}],"wp:attachment":[{"href":"https:\/\/unesco.kuldiga.lv\/lv\/wp-json\/wp\/v2\/media?parent=146"}],"curies":[{"name":"wp","href":"https:\/\/api.w.org\/{rel}","templated":true}]}}