{"id":71,"date":"2020-09-02T12:37:27","date_gmt":"2020-09-02T12:37:27","guid":{"rendered":"http:\/\/127.0.0.1:81\/wordpress\/?page_id=71"},"modified":"2023-10-18T12:42:01","modified_gmt":"2023-10-18T12:42:01","slug":"sabiedriba","status":"publish","type":"page","link":"https:\/\/unesco.kuldiga.lv\/en\/sabiedriba\/","title":{"rendered":"Community Participation"},"content":{"rendered":"<div data-elementor-type=\"wp-page\" data-elementor-id=\"71\" class=\"elementor elementor-71\">\n\t\t\t\t\t\t<section class=\"elementor-section elementor-top-section elementor-element elementor-element-1c45347 elementor-section-boxed elementor-section-height-default elementor-section-height-default\" data-id=\"1c45347\" data-element_type=\"section\" data-e-type=\"section\">\n\t\t\t\t\t\t<div class=\"elementor-container elementor-column-gap-default\">\n\t\t\t\t\t<div class=\"elementor-column elementor-col-100 elementor-top-column elementor-element elementor-element-3b9cab1\" data-id=\"3b9cab1\" data-element_type=\"column\" data-e-type=\"column\">\n\t\t\t<div class=\"elementor-widget-wrap elementor-element-populated\">\n\t\t\t\t\t\t<div class=\"elementor-element elementor-element-cb97ea3 elementor-widget elementor-widget-heading\" data-id=\"cb97ea3\" data-element_type=\"widget\" data-e-type=\"widget\" data-widget_type=\"heading.default\">\n\t\t\t\t<div class=\"elementor-widget-container\">\n\t\t\t\t\t<span class=\"elementor-heading-title elementor-size-xl\">Kult\u016bras un dabas p\u0101rvald\u012bbas instit\u016bcijas viet\u0113j\u0101 l\u012bmen\u012b<\/span>\t\t\t\t<\/div>\n\t\t\t\t<\/div>\n\t\t\t\t<div class=\"elementor-element elementor-element-e457a93 elementor-widget elementor-widget-image\" data-id=\"e457a93\" data-element_type=\"widget\" data-e-type=\"widget\" data-widget_type=\"image.default\">\n\t\t\t\t<div class=\"elementor-widget-container\">\n\t\t\t\t\t\t\t\t\t\t\t\t\t\t\t<img fetchpriority=\"high\" decoding=\"async\" width=\"999\" height=\"529\" src=\"https:\/\/unesco.kuldiga.lv\/wp-content\/uploads\/2023\/10\/attistibas_Centrs.jpg\" class=\"attachment-large size-large wp-image-1150\" alt=\"\" srcset=\"https:\/\/unesco.kuldiga.lv\/wp-content\/uploads\/2023\/10\/attistibas_Centrs.jpg 1536w, https:\/\/unesco.kuldiga.lv\/wp-content\/uploads\/2023\/10\/attistibas_Centrs-300x159.jpg 300w, https:\/\/unesco.kuldiga.lv\/wp-content\/uploads\/2023\/10\/attistibas_Centrs-768x407.jpg 768w, https:\/\/unesco.kuldiga.lv\/wp-content\/uploads\/2023\/10\/attistibas_Centrs-18x10.jpg 18w, https:\/\/unesco.kuldiga.lv\/wp-content\/uploads\/2023\/10\/attistibas_Centrs-752x398.jpg 752w\" sizes=\"(max-width: 999px) 100vw, 999px\" \/>\t\t\t\t\t\t\t\t\t\t\t\t\t\t\t<\/div>\n\t\t\t\t<\/div>\n\t\t\t\t\t<\/div>\n\t\t<\/div>\n\t\t\t\t\t<\/div>\n\t\t<\/section>\n\t\t\t\t<section class=\"elementor-section elementor-top-section elementor-element elementor-element-c81b25e elementor-section-boxed elementor-section-height-default elementor-section-height-default\" data-id=\"c81b25e\" data-element_type=\"section\" data-e-type=\"section\">\n\t\t\t\t\t\t<div class=\"elementor-container elementor-column-gap-default\">\n\t\t\t\t\t<div class=\"elementor-column elementor-col-100 elementor-top-column elementor-element elementor-element-6d2d7d0\" data-id=\"6d2d7d0\" data-element_type=\"column\" data-e-type=\"column\">\n\t\t\t<div class=\"elementor-widget-wrap elementor-element-populated\">\n\t\t\t\t\t\t<div class=\"elementor-element elementor-element-dc44aa6 elementor-widget elementor-widget-heading\" data-id=\"dc44aa6\" data-element_type=\"widget\" data-e-type=\"widget\" data-widget_type=\"heading.default\">\n\t\t\t\t<div class=\"elementor-widget-container\">\n\t\t\t\t\t<span class=\"elementor-heading-title elementor-size-xl\">The administration of the Kuld\u012bga district municipality<\/span>\t\t\t\t<\/div>\n\t\t\t\t<\/div>\n\t\t\t\t<div class=\"elementor-element elementor-element-2d3a9b6 elementor-widget elementor-widget-ucaddon_logo_grid\" data-id=\"2d3a9b6\" data-element_type=\"widget\" data-e-type=\"widget\" data-widget_type=\"ucaddon_logo_grid.default\">\n\t\t\t\t<div class=\"elementor-widget-container\">\n\t\t\t\t\t\n<!-- start Logo Grid -->\n<style>\/* widget: Logo Grid *\/\n\n#uc_logo_grid_elementor_2d3a9b6 {\n  display: grid;\n}\n#uc_logo_grid_elementor_2d3a9b6 .ue-logo-title\n{\n  width:100%;\n  position:absolute;\n  bottom:0;\n  text-align:center;\n  left:0;\n}\n\n#uc_logo_grid_elementor_2d3a9b6 div.logo-grid-item\n{\ntext-align:center;\ndisplay:flex;\nflex-direction:column;\njustify-content:center;\nalign-items:center;\noverflow:hidden;\n  position:relative;\n  transition:0.3s;\n\n}\n\n#uc_logo_grid_elementor_2d3a9b6 div.logo-grid-item img\n{\nwidth:100%;\n  object-fit: contain;\n  display:block;\n  mix-blend-mode: normal;\n  position:absolute;\n  top:0;\n  left:0;\n  right:0;\n  bottom:0;\n  height:100%;\n  transition:0.3s;\n}\n\n\n\n#uc_logo_grid_elementor_2d3a9b6 a\n{\n  display:block;\n  position:absolute;\n  top:0;\n  left:0;\n  right:0;\n  bottom:0;\n  cursor:pointer;\n  display:flex;\njustify-content:center;\nalign-items:center;\n}\n\n<\/style>\n\n<div id=\"uc_logo_grid_elementor_2d3a9b6\" class=\"ue-logo-grid uc-items-wrapper\" >\n\t<div class=\"logo-grid-item\" >\n   \n\t<a href=\"https:\/\/kuldigasnovads.lv\/buvvalde\/\" > \n\t\n  \n    <img decoding=\"async\" src=\"https:\/\/unesco.kuldiga.lv\/wp-content\/uploads\/2023\/07\/309499190_106349722246232_2585842250322317737_n-768x768.jpg\" title=\"Construction management\"  alt=\"309499190_106349722246232_2585842250322317737_n\" width=\"768\" height=\"768\">\n            <div class=\"ue-logo-title\">Construction management<\/div>\n      \t\n      \n  <\/a>\n  \t\n<\/div>\n<div class=\"logo-grid-item\" >\n   \n\t<a href=\"https:\/\/www.facebook.com\/kuldigasattistibasagentura\/\" > \n\t\n  \n    <img decoding=\"async\" src=\"https:\/\/unesco.kuldiga.lv\/wp-content\/uploads\/2023\/07\/KAA.png\" title=\"Kuldiga Development Agency\"  alt=\"KAA\" width=\"650\" height=\"432\">\n            <div class=\"ue-logo-title\">Kuldiga Development Agency<\/div>\n      \t\n      \n  <\/a>\n  \t\n<\/div>\n<div class=\"logo-grid-item\" >\n   \n\t<a href=\"\/en\/restauracijas-centrs\/\" > \n\t\n  \n    <img loading=\"lazy\" decoding=\"async\" src=\"https:\/\/unesco.kuldiga.lv\/wp-content\/uploads\/2020\/10\/DSC_1228s-768x512.jpg\" title=\"Kuldiga Restoration Center\"  alt=\"DSC_1228s\" width=\"768\" height=\"512\">\n            <div class=\"ue-logo-title\">Kuldiga Restoration Center<\/div>\n      \t\n      \n  <\/a>\n  \t\n<\/div>\n<div class=\"logo-grid-item\" >\n   \n\t<a href=\"http:\/\/biblio.kuldiga.lv\/\" > \n\t\n  \n    <img loading=\"lazy\" decoding=\"async\" src=\"https:\/\/unesco.kuldiga.lv\/wp-content\/uploads\/2023\/07\/fW1clVFZ_400x400.png\" title=\"Kuldiga Main Library\"  alt=\"fW1clVFZ_400x400\" width=\"400\" height=\"400\">\n            <div class=\"ue-logo-title\">Kuldiga Main Library<\/div>\n      \t\n      \n  <\/a>\n  \t\n<\/div>\n<div class=\"logo-grid-item\" >\n   \n\t<a href=\"https:\/\/www.kuldigasmuzejs.lv\/\" > \n\t\n  \n    <img loading=\"lazy\" decoding=\"async\" src=\"https:\/\/unesco.kuldiga.lv\/wp-content\/uploads\/2023\/07\/logo-5-768x792.png\" title=\"Kuld\u012bga County Museum\"  alt=\"logo 5\" width=\"768\" height=\"792\">\n            <div class=\"ue-logo-title\">Kuld\u012bga County Museum<\/div>\n      \t\n      \n  <\/a>\n  \t\n<\/div>\n<div class=\"logo-grid-item\" >\n   \n\t<a href=\"https:\/\/kckuldiga.lv\/\" > \n\t\n  \n    <img loading=\"lazy\" decoding=\"async\" src=\"https:\/\/unesco.kuldiga.lv\/wp-content\/uploads\/2023\/07\/kkc-logo.png\" title=\"Kuldiga Culture Center\"  alt=\"kkc-logo\" width=\"450\" height=\"177\">\n            <div class=\"ue-logo-title\">Kuldiga Culture Center<\/div>\n      \t\n      \n  <\/a>\n  \t\n<\/div>\n<div class=\"logo-grid-item\" >\n   \n\t<a href=\"https:\/\/visitkuldiga.com\/\" > \n\t\n  \n    <img loading=\"lazy\" decoding=\"async\" src=\"https:\/\/unesco.kuldiga.lv\/wp-content\/uploads\/2023\/07\/turistiem_2023_3-768x495.jpg\" title=\"Kuld\u012bgas novada t\u016brisma att\u012bst\u012bbas centrs\"  alt=\"turistiem_2023_3\" width=\"768\" height=\"495\">\n            <div class=\"ue-logo-title\">Kuld\u012bgas novada t\u016brisma att\u012bst\u012bbas centrs<\/div>\n      \t\n      \n  <\/a>\n  \t\n<\/div>\n\n<\/div>\n<!-- end Logo Grid -->\t\t\t\t<\/div>\n\t\t\t\t<\/div>\n\t\t\t\t\t<\/div>\n\t\t<\/div>\n\t\t\t\t\t<\/div>\n\t\t<\/section>\n\t\t\t\t<section class=\"elementor-section elementor-top-section elementor-element elementor-element-ae7dc3b elementor-section-boxed elementor-section-height-default elementor-section-height-default\" data-id=\"ae7dc3b\" data-element_type=\"section\" data-e-type=\"section\">\n\t\t\t\t\t\t<div class=\"elementor-container elementor-column-gap-default\">\n\t\t\t\t\t<div class=\"elementor-column elementor-col-100 elementor-top-column elementor-element elementor-element-2645e59\" data-id=\"2645e59\" data-element_type=\"column\" data-e-type=\"column\">\n\t\t\t<div class=\"elementor-widget-wrap elementor-element-populated\">\n\t\t\t\t\t\t<div class=\"elementor-element elementor-element-3872a17 elementor-widget elementor-widget-heading\" data-id=\"3872a17\" data-element_type=\"widget\" data-e-type=\"widget\" data-widget_type=\"heading.default\">\n\t\t\t\t<div class=\"elementor-widget-container\">\n\t\t\t\t\t<span class=\"elementor-heading-title elementor-size-xl\">Municipal companies<\/span>\t\t\t\t<\/div>\n\t\t\t\t<\/div>\n\t\t\t\t<div class=\"elementor-element elementor-element-cd6186e elementor-widget elementor-widget-ucaddon_logo_grid\" data-id=\"cd6186e\" data-element_type=\"widget\" data-e-type=\"widget\" data-widget_type=\"ucaddon_logo_grid.default\">\n\t\t\t\t<div class=\"elementor-widget-container\">\n\t\t\t\t\t\n<!-- start Logo Grid -->\n<style>\/* widget: Logo Grid *\/\n\n#uc_logo_grid_elementor_cd6186e {\n  display: grid;\n}\n#uc_logo_grid_elementor_cd6186e .ue-logo-title\n{\n  width:100%;\n  position:absolute;\n  bottom:0;\n  text-align:center;\n  left:0;\n}\n\n#uc_logo_grid_elementor_cd6186e div.logo-grid-item\n{\ntext-align:center;\ndisplay:flex;\nflex-direction:column;\njustify-content:center;\nalign-items:center;\noverflow:hidden;\n  position:relative;\n  transition:0.3s;\n\n}\n\n#uc_logo_grid_elementor_cd6186e div.logo-grid-item img\n{\nwidth:100%;\n  object-fit: contain;\n  display:block;\n  mix-blend-mode: normal;\n  position:absolute;\n  top:0;\n  left:0;\n  right:0;\n  bottom:0;\n  height:100%;\n  transition:0.3s;\n}\n\n\n\n#uc_logo_grid_elementor_cd6186e a\n{\n  display:block;\n  position:absolute;\n  top:0;\n  left:0;\n  right:0;\n  bottom:0;\n  cursor:pointer;\n  display:flex;\njustify-content:center;\nalign-items:center;\n}\n\n<\/style>\n\n<div id=\"uc_logo_grid_elementor_cd6186e\" class=\"ue-logo-grid uc-items-wrapper\" >\n\t<div class=\"logo-grid-item\" >\n   \n\t<a href=\"https:\/\/kkp.lv\/\" > \n\t\n  \n    <img loading=\"lazy\" decoding=\"async\" src=\"https:\/\/unesco.kuldiga.lv\/wp-content\/uploads\/2023\/07\/unnamed3-768x501.jpg\" title=\"SIA &quot;Kuld\u012bgas komun\u0101lie pakalpojumi&quot;\"  alt=\"unnamed3\" width=\"768\" height=\"501\">\n            <div class=\"ue-logo-title\">SIA \"Kuld\u012bgas komun\u0101lie pakalpojumi\"<\/div>\n      \t\n      \n  <\/a>\n  \t\n<\/div>\n<div class=\"logo-grid-item\" >\n   \n\t<a href=\"https:\/\/udens.kuldiga.lv\/\" > \n\t\n  \n    <img loading=\"lazy\" decoding=\"async\" src=\"https:\/\/unesco.kuldiga.lv\/wp-content\/uploads\/2023\/07\/udens_rakstiem-536x282-1.jpg\" title=\"SIA &quot;Kuld\u012bgas \u016bdens&quot;\"  alt=\"udens_rakstiem-536x282-1\" width=\"536\" height=\"282\">\n            <div class=\"ue-logo-title\">SIA \"Kuld\u012bgas \u016bdens\"<\/div>\n      \t\n      \n  <\/a>\n  \t\n<\/div>\n<div class=\"logo-grid-item\" >\n   \n\t<a href=\"https:\/\/www.kuldigasilt.lv\/\" > \n\t\n  \n    <img loading=\"lazy\" decoding=\"async\" src=\"https:\/\/unesco.kuldiga.lv\/wp-content\/uploads\/2023\/07\/48414291_346106226218737_2632343150290534400_n.png\" title=\"SIA &quot;Kuld\u012bgas siltumt\u012bkli&quot;\"  alt=\"48414291_346106226218737_2632343150290534400_n\" width=\"346\" height=\"346\">\n            <div class=\"ue-logo-title\">SIA \"Kuld\u012bgas siltumt\u012bkli\"<\/div>\n      \t\n      \n  <\/a>\n  \t\n<\/div>\n<div class=\"logo-grid-item\" >\n   \n\t<a href=\"https:\/\/www.kuldigasslimnica.lv\/\" > \n\t\n  \n    <img loading=\"lazy\" decoding=\"async\" src=\"https:\/\/unesco.kuldiga.lv\/wp-content\/uploads\/2023\/07\/slimnica.png\" title=\"SIA &quot;Kuld\u012bgas slimn\u012bca&quot;\"  alt=\"slimnica\" width=\"650\" height=\"432\">\n            <div class=\"ue-logo-title\">SIA \"Kuld\u012bgas slimn\u012bca\"<\/div>\n      \t\n      \n  <\/a>\n  \t\n<\/div>\n<div class=\"logo-grid-item\" >\n   \n\t<a href=\"http:\/\/sks.lv\/\" > \n\t\n  \n    <img loading=\"lazy\" decoding=\"async\" src=\"https:\/\/unesco.kuldiga.lv\/wp-content\/uploads\/2023\/07\/SKS.png\" title=\"SIA &quot;Skrundas komun\u0101l\u0101 saimniec\u012bba&quot;\"  alt=\"SKS\" width=\"650\" height=\"432\">\n            <div class=\"ue-logo-title\">SIA \"Skrundas komun\u0101l\u0101 saimniec\u012bba\"<\/div>\n      \t\n      \n  <\/a>\n  \t\n<\/div>\n\n<\/div>\n<!-- end Logo Grid -->\t\t\t\t<\/div>\n\t\t\t\t<\/div>\n\t\t\t\t\t<\/div>\n\t\t<\/div>\n\t\t\t\t\t<\/div>\n\t\t<\/section>\n\t\t\t\t<\/div>","protected":false},"excerpt":{"rendered":"<p>Kult\u016bras un dabas p\u0101rvald\u012bbas instit\u016bcijas viet\u0113j\u0101 l\u012bmen\u012b Kuld\u012bgas novada pa\u0161vald\u012bbas administr\u0101cija B\u016bvvalde Kuld\u012bgas att\u012bst\u012bbas a\u0123ent\u016bra Kuld\u012bgas Restaur\u0101cijas centrs Kuld\u012bgas Galven\u0101 bibliot\u0113ka Kuld\u012bgas novada muzejs Kuld\u012bgas kult\u016bras centrs Kuld\u012bgas novada t\u016brisma att\u012bst\u012bbas centrs Pa\u0161vald\u012bbas uz\u0146\u0113mumi SIA &#8220;Kuld\u012bgas komun\u0101lie pakalpojumi&#8221; SIA &#8220;Kuld\u012bgas \u016bdens&#8221; SIA &#8220;Kuld\u012bgas siltumt\u012bkli&#8221; SIA &#8220;Kuld\u012bgas slimn\u012bca&#8221; SIA &#8220;Skrundas komun\u0101l\u0101 &hellip;<\/p>","protected":false},"author":1,"featured_media":0,"parent":0,"menu_order":0,"comment_status":"closed","ping_status":"closed","template":"","meta":{"footnotes":""},"class_list":["post-71","page","type-page","status-publish","hentry"],"_links":{"self":[{"href":"https:\/\/unesco.kuldiga.lv\/en\/wp-json\/wp\/v2\/pages\/71","targetHints":{"allow":["GET"]}}],"collection":[{"href":"https:\/\/unesco.kuldiga.lv\/en\/wp-json\/wp\/v2\/pages"}],"about":[{"href":"https:\/\/unesco.kuldiga.lv\/en\/wp-json\/wp\/v2\/types\/page"}],"author":[{"embeddable":true,"href":"https:\/\/unesco.kuldiga.lv\/en\/wp-json\/wp\/v2\/users\/1"}],"replies":[{"embeddable":true,"href":"https:\/\/unesco.kuldiga.lv\/en\/wp-json\/wp\/v2\/comments?post=71"}],"version-history":[{"count":50,"href":"https:\/\/unesco.kuldiga.lv\/en\/wp-json\/wp\/v2\/pages\/71\/revisions"}],"predecessor-version":[{"id":1153,"href":"https:\/\/unesco.kuldiga.lv\/en\/wp-json\/wp\/v2\/pages\/71\/revisions\/1153"}],"wp:attachment":[{"href":"https:\/\/unesco.kuldiga.lv\/en\/wp-json\/wp\/v2\/media?parent=71"}],"curies":[{"name":"wp","href":"https:\/\/api.w.org\/{rel}","templated":true}]}}