{"id":292,"date":"2020-09-07T08:08:38","date_gmt":"2020-09-07T08:08:38","guid":{"rendered":"http:\/\/127.0.0.1:81\/wordpress\/?page_id=292"},"modified":"2020-09-07T08:32:21","modified_gmt":"2020-09-07T08:32:21","slug":"kuldigas-vecpilsetas-saglabasana-prioritate","status":"publish","type":"page","link":"https:\/\/unesco.kuldiga.lv\/en\/kuldigas-vecpilsetas-saglabasana-prioritate\/","title":{"rendered":"Preservation of the old town of Kuldiga is a priority"},"content":{"rendered":"<p>Preservation of the old town is a priority in the sustainable development strategy, development program and budget of Kuld\u012bga region Preservation of the old town -\u00a0<b>a priority in the sustainable development strategy, development program and budget of Kuld\u012bga county. <\/b><b><\/b>Kuld\u012bgas was approved in 2011\u00a0<b>preservation and development plan of the old town<\/b>, which comprehensively deals with the preservation of cultural and historical heritage, integrating it into economic development, environmental protection, tourism, and cultural development.<br \/>\n<b>Main areas of activity:<\/b><\/p>\n<ul>\n<li>Research<\/li>\n<\/ul>\n<ul>\n<li>Education and community involvement<\/li>\n<\/ul>\n<ul>\n<li>Heritage protection<\/li>\n<\/ul>\n<ul>\n<li>Building an image<\/li>\n<\/ul>","protected":false},"excerpt":{"rendered":"<p>Vecpils\u0113tas saglab\u0101\u0161ana priorit\u0101te Kuld\u012bgas novada ilgtsp\u0113j\u012bgas att\u012bst\u012bbas strat\u0113\u0123ij\u0101, att\u012bst\u012bbas programm\u0101 un bud\u017eet\u0101 Vecpils\u0113tas saglab\u0101\u0161ana \u2013\u00a0priorit\u0101te Kuld\u012bgas novada ilgtsp\u0113j\u012bgas att\u012bst\u012bbas strat\u0113\u0123ij\u0101, att\u012bst\u012bbas programm\u0101 un bud\u017eet\u0101. 2011. gad\u0101 apstiprin\u0101ts Kuld\u012bgas\u00a0vecpils\u0113tas saglab\u0101\u0161anas un att\u012bst\u012bbas pl\u0101ns, kas visaptvero\u0161i risina kult\u016brv\u0113sturisk\u0101 mantojuma saglab\u0101\u0161anu, to integr\u0113jot ekonomisk\u0101s att\u012bst\u012bbas, vides aizsardz\u012bbas, t\u016brisma, kult\u016bras att\u012bst\u012bb\u0101. Galven\u0101s darb\u012bbas jomas: &hellip;<\/p>","protected":false},"author":1,"featured_media":300,"parent":0,"menu_order":0,"comment_status":"closed","ping_status":"closed","template":"","meta":{"footnotes":""},"class_list":["post-292","page","type-page","status-publish","has-post-thumbnail","hentry"],"_links":{"self":[{"href":"https:\/\/unesco.kuldiga.lv\/en\/wp-json\/wp\/v2\/pages\/292","targetHints":{"allow":["GET"]}}],"collection":[{"href":"https:\/\/unesco.kuldiga.lv\/en\/wp-json\/wp\/v2\/pages"}],"about":[{"href":"https:\/\/unesco.kuldiga.lv\/en\/wp-json\/wp\/v2\/types\/page"}],"author":[{"embeddable":true,"href":"https:\/\/unesco.kuldiga.lv\/en\/wp-json\/wp\/v2\/users\/1"}],"replies":[{"embeddable":true,"href":"https:\/\/unesco.kuldiga.lv\/en\/wp-json\/wp\/v2\/comments?post=292"}],"version-history":[{"count":1,"href":"https:\/\/unesco.kuldiga.lv\/en\/wp-json\/wp\/v2\/pages\/292\/revisions"}],"predecessor-version":[{"id":293,"href":"https:\/\/unesco.kuldiga.lv\/en\/wp-json\/wp\/v2\/pages\/292\/revisions\/293"}],"wp:featuredmedia":[{"embeddable":true,"href":"https:\/\/unesco.kuldiga.lv\/en\/wp-json\/wp\/v2\/media\/300"}],"wp:attachment":[{"href":"https:\/\/unesco.kuldiga.lv\/en\/wp-json\/wp\/v2\/media?parent=292"}],"curies":[{"name":"wp","href":"https:\/\/api.w.org\/{rel}","templated":true}]}}