{"id":15,"date":"2020-05-17T14:04:54","date_gmt":"2020-05-17T14:04:54","guid":{"rendered":"http:\/\/127.0.0.1:81\/wordpress\/?page_id=15"},"modified":"2023-07-06T06:58:21","modified_gmt":"2023-07-06T06:58:21","slug":"iss-unesco-pieteikums","status":"publish","type":"page","link":"https:\/\/unesco.kuldiga.lv\/en\/iss-unesco-pieteikums\/","title":{"rendered":"Brief summary of the UNESCO application"},"content":{"rendered":"<div data-elementor-type=\"wp-page\" data-elementor-id=\"15\" class=\"elementor elementor-15\">\n\t\t\t\t\t\t<section class=\"elementor-section elementor-top-section elementor-element elementor-element-606e68d elementor-section-boxed elementor-section-height-default elementor-section-height-default\" data-id=\"606e68d\" data-element_type=\"section\" data-e-type=\"section\">\n\t\t\t\t\t\t<div class=\"elementor-container elementor-column-gap-default\">\n\t\t\t\t\t<div class=\"elementor-column elementor-col-100 elementor-top-column elementor-element elementor-element-c5dcc35\" data-id=\"c5dcc35\" data-element_type=\"column\" data-e-type=\"column\">\n\t\t\t<div class=\"elementor-widget-wrap elementor-element-populated\">\n\t\t\t\t\t\t<div class=\"elementor-element elementor-element-5564a06 elementor-widget elementor-widget-text-editor\" data-id=\"5564a06\" data-element_type=\"widget\" data-e-type=\"widget\" data-widget_type=\"text-editor.default\">\n\t\t\t\t<div class=\"elementor-widget-container\">\n\t\t\t\t\t\t\t\t\t<p>The old town of Kuld\u012bga is located in the west of Latvia at the confluence of the Venta and Alek\u0161up\u012bte rivers in the central part of Kurzeme, approximately 150 kilometers west of Riga. First mentioned in historical documents in 1242, Kuld\u012bga has been part of the Hanseatic League since 1368. The town has been at the crossroads of trade routes for centuries and today has a population of over 10,000.<\/p><p>The historic center of Kuld\u012bga, which has been preserved in an exceptionally good condition, is a wonderful reminder of the prosperity and commercial development of Courland in the 16th, 17th, and 18th centuries, when the town was known as Goldingen. The Duchy of Courland and Semigallia was an autonomous vassal state under the rule of the Polish-Lithuanian Commonwealth, which in the form of a triangle stretched 500 km eastward from the coast of the Baltic Sea to the Daugava, bordering the Grand Duchy of Lithuania, Polish Livonia, the Kingdom of Sweden and later the Russian Empire. Courland ruled this important part of the Baltic from 1561 to 1795 and left its legacy in the wider geopolitical area.<\/p><p>Kuldiga (Goldingen) was the main residence and administrative center of the first ruler of Courland, Duke Gotthard Ketler, since 1561. During the co-rule of Gotthard Kettler's heirs, Goldingen was the residence and administrative center of Duke Wilhelm Kettler, who was granted power over Courland in 1596 and ruled until 1616. In the census of 1613, it was documented that there were 175 buildings in Kuld\u012bga. In addition to the traditional log buildings, Kuld\u012bga also had brick buildings, wooden construction buildings, which were often decoratively plastered and painted, as well as buildings covered with wooden panels - both residential and shed buildings. Kuld\u012bga's architecture flourished due to the rich exchange of traveling artisans from other Hanseatic towns and centers around the Baltic Sea, as well as from Russia, which is still evident in the town's architectural style, crafts, and decorations.<\/p>\t\t\t\t\t\t\t\t<\/div>\n\t\t\t\t<\/div>\n\t\t\t\t\t<\/div>\n\t\t<\/div>\n\t\t\t\t\t<\/div>\n\t\t<\/section>\n\t\t\t\t<section class=\"elementor-section elementor-top-section elementor-element elementor-element-8322357 elementor-section-boxed elementor-section-height-default elementor-section-height-default\" data-id=\"8322357\" data-element_type=\"section\" data-e-type=\"section\" data-no-translation=\"\">\n\t\t\t\t\t\t<div class=\"elementor-container elementor-column-gap-default\">\n\t\t\t\t\t<div class=\"elementor-column elementor-col-100 elementor-top-column elementor-element elementor-element-9b29804\" data-id=\"9b29804\" data-element_type=\"column\" data-e-type=\"column\">\n\t\t\t<div class=\"elementor-widget-wrap elementor-element-populated\">\n\t\t\t\t\t\t<div class=\"elementor-element elementor-element-cc0ec7d elementor-widget elementor-widget-video\" data-id=\"cc0ec7d\" data-element_type=\"widget\" data-e-type=\"widget\" data-settings=\"{&quot;youtube_url&quot;:&quot;https:\\\/\\\/www.youtube.com\\\/watch?v=e8mkd_Kw1Rk&quot;,&quot;video_type&quot;:&quot;youtube&quot;,&quot;controls&quot;:&quot;yes&quot;}\" data-widget_type=\"video.default\">\n\t\t\t\t<div class=\"elementor-widget-container\">\n\t\t\t\t\t\t\t<div class=\"elementor-wrapper elementor-open-inline\">\n\t\t\t<div class=\"elementor-video\"><\/div>\t\t<\/div>\n\t\t\t\t\t\t<\/div>\n\t\t\t\t<\/div>\n\t\t\t\t\t<\/div>\n\t\t<\/div>\n\t\t\t\t\t<\/div>\n\t\t<\/section>\n\t\t\t\t<section class=\"elementor-section elementor-top-section elementor-element elementor-element-e4d1003 elementor-section-boxed elementor-section-height-default elementor-section-height-default\" data-id=\"e4d1003\" data-element_type=\"section\" data-e-type=\"section\">\n\t\t\t\t\t\t<div class=\"elementor-container elementor-column-gap-default\">\n\t\t\t\t\t<div class=\"elementor-column elementor-col-100 elementor-top-column elementor-element elementor-element-144fd19\" data-id=\"144fd19\" data-element_type=\"column\" data-e-type=\"column\">\n\t\t\t<div class=\"elementor-widget-wrap elementor-element-populated\">\n\t\t\t\t\t\t<div class=\"elementor-element elementor-element-25e1e23 elementor-widget elementor-widget-text-editor\" data-id=\"25e1e23\" data-element_type=\"widget\" data-e-type=\"widget\" data-widget_type=\"text-editor.default\">\n\t\t\t\t<div class=\"elementor-widget-container\">\n\t\t\t\t\t\t\t\t\t<p class=\"translation-block\">Justification of Outstanding Universal Value: (preliminary identification of site values justifying inscription on the World Heritage List)<\/p><p style=\"text-align: justify;\">The old town of Kuld\u012bga (Goldingen) is the best-preserved and last remaining evidence of the urban environment, which is reflected in the layout of the streets and plots of land with essential preserved elements of the architectural character and infrastructure from the times of the Duchy of Courland and Semigallia.<\/p><p style=\"text-align: justify;\">As one of the smallest European countries that participated in the colonization of overseas territories, Courland, and its most important urban center Kuld\u012bga (Goldingen) bear witness to trade routes in the Baltics and beyond from the end of the 16th century to the 18th century. In addition, Kuld\u012bga is the last surviving urban evidence of duchy architecture, thus providing unique information about the duchy's towns, industries, crafts, traditions, and people.<\/p><p style=\"text-align: justify;\"><strong>Criteria under which inscription is proposed:<\/strong><\/p><p style=\"text-align: justify;\">Kuld\u012bga (Goldingen) provides a unique testimony of the Duchy of Courland and Semigallia and its era of prosperity, international trade relations and cultural exchange, both as the residence of the first ruler and the administrative center. With the fact that up to three-quarters of the masonry architecture built up to the 19th century has been partially or fully preserved in the town, Kuld\u012bga is the best and last remaining evidence of the urban environment of the Courland era.<\/p><p style=\"text-align: justify;\">The historical center of Kuld\u012bga is a tangible proof of the life of a small country that defended its rights among other much larger powers on the international scale of that time. Considering this special role, Kuld\u012bga bears vivid evidence of Courland's trade and craft exchanges, cross-cultural contacts, and the traditions of tangible and intangible cultural heritage, which the inhabitants of Kuld\u012bga still know and honor today.<\/p><p style=\"text-align: justify;\"><strong>Integrity:<\/strong><\/p><p style=\"text-align: justify;\">The old town of Kuld\u012bga includes the medieval mound plateau and the medieval village of Kalnamiests, combining them into a wider urban environment that was formed between the 16th and 18th centuries and later expanded, mostly outside the historical center, in the 19th and further into the 20th centuries. The proposed area covers the expansion of the town until the 19th century and its important location in nature. The place is currently mostly preserved according to the condition of the 18th and 19th centuries. Therefore, it includes the complete historical heritage of Courland, which has been preserved until today and is especially visible in the unchanged urban planning, architectural evidence, and landscape.<\/p><p style=\"text-align: justify;\">Although extensive fires in 1615 and 1669 destroyed certain parts of Kuld\u012bga, residential houses were rebuilt, and most of Kuld\u012bga's architectural heritage, which still bears witness to the importance of Kuld\u012bga as a prominent town in the Duchy of Courland and Semigallia, was created during these active periods. In later years, the abandonment of houses after the Great Plague and individual fires made it necessary to build several houses of the late 18th and 19th centuries, which preserved the shape, size, style, and decorative lines of the previous houses. Unlike other Courland towns, Kuld\u012bga survived the great wars of the 20th century, largely unscathed, and modern urban construction trends have been brought to life far outside its historical center.<\/p><p style=\"text-align: justify;\">Although it could be considered that the urban area has not been completely preserved, because the residence of the Courland rulers, the Kuldiga Castle, was destroyed by the Swedes during the Great Northern War (1700-1721) and only ruins have survived from it as archaeological remains, the documents of its destruction actually show difficulties, which the rulers of Courland faced. In addition, the rulers of Courland only used a previously built medieval castle of the Livonian Order, which never symbolized Courland and its architectural language.<\/p><p style=\"text-align: justify;\">Due to the strict legal prohibition in the historic town and the well-maintained urban conservation area, the area does not face any major threats that could negatively affect the old town in the future.<\/p><p style=\"text-align: justify;\"><strong>Authenticity:<\/strong><\/p><p style=\"text-align: justify;\">The urban environment and architectural heritage of Kuld\u012bga has been well preserved both in terms of materials, design and execution and continues to function in the local community for both housing, shed buildings and commercial space. The old town has also preserved its authenticity in terms of the surrounding environment and location, as not only the layout and size of the town has been preserved, but also the overall landscape of the urban environment, especially when viewed from the other side of the Venta River.<\/p><p style=\"text-align: justify;\">Continuous state support since 1978, together with a strictly managed urban conservation area protected by an urban conservation plan, integrating a programmatic approach to conservation and maintenance works, has helped preserve the historical image and create an exquisite conservation result according to the highest international standards. Officially established in 2010, the Restoration Center has become a strong community supporter for the proper preservation of private properties.<\/p><p style=\"text-align: justify;\">The inhabitants of Kuld\u012bga are well aware and proud of their history and heritage from the Duchy of Courland and other time periods and want to pass this heritage on to future generations. Residents actively continue to practice certain craft traditions, the origins of which can be traced back to the times of the Duchy, and are involved in the maintenance of both architectural and intangible cultural traditions, including trying to achieve recognition of Kuld\u012bga's heritage at various international levels. The European Cultural Heritage Label, awarded to Kuld\u012bga in 2008, especially praises the high standards of authenticity of the old town of Kuld\u012bga and the surrounding environment. Therefore, it can be confirmed that Kuld\u012bga maintains its authenticity according to the highest standards.<\/p><p style=\"text-align: justify;\"><strong>Comparison with other similar sites:<\/strong><\/p><p style=\"text-align: justify;\" class=\"translation-block\">Kuld\u012bga (Goldingen) has a rich mix of architectural attributes, bearing witness to the unique role of the Duchy of Courland and Semigallia in international (trade) relations and cultural exchange from the 16th to the 18th century. Despite being a vassal state of the Polish-Lithuanian Union, it managed to gain relative political independence, exercising sovereignty far beyond that of other regional powers and establishing diplomatic and trade relations with many major European countries and Russia. Located in the middle between the opposing powers of Sweden, Poland-Lithuania and Russia, it stood out for its political neutrality and early liberal policies, acting both as a buffer zone and as a mediator and refuge.<\/p><p style=\"text-align: justify;\">Internationally, the only duchy comparable in its degree of political and economic independence, as well as international recognition, is the Duchy of Prussia, whose excellence has been repeatedly recognized by its architectural evidence on the World Heritage List. The Museum Island in Berlin, the palaces and parks of Potsdam and Berlin, and the palaces of Augustusburg and Falkenlust an der Briele all attest to Prussia's great achievements in architecture, science, and intellect. <em>Muzeju sala <\/em>Berl\u012bn\u0113, <em>Potsdamas un Berl\u012bnes pilis un parki<\/em> un <em>Augustusburgas un Falkenlustas pie Br\u012bles pilis<\/em> visas apliecina Pr\u016bsijas lielos sasniegumus gan arhitekt\u016bras, gan zin\u0101tnes un intelektu\u0101laj\u0101 l\u012bmen\u012b.<\/p><p style=\"text-align: justify;\" class=\"translation-block\">However, in terms of trade relations, diplomacy, and colonies, Courland was much more advanced than Prussia. Likewise, the duchy's policy of religious and ethnic tolerance, as well as economic and political neutrality between opposing powers, was far-sighted at the time. However, Courland and its physical evidence have not yet been recognized in the World Heritage List. Although the former colony of Courland in The Gambia is inscribed as part of the Kunta Kinteh Island and Associated Area World Heritage Site, its Outstanding Universal Value does not derive from its role in relation to Courland. Neither The Gambia nor the duchy's other former colonial territory, Tobago, both of which reflect Courland's imperial activities, would be able to comprehensively represent Courland's heritage. Therefore, only the territory of modern Latvia can testify to this amazing period, which refers to world history and which requires a comparative analysis mainly at the national level.<\/p><p style=\"text-align: justify;\">In general, very little historical urban material from this time period has been preserved as a result of the devastating effects of the various conflicts and wars that took place in the territory of Courland for centuries. Due to its geopolitical location as a buffer zone between opposing powers, Courland became the scene of many wars, such as the Polish-Swedish War (1655-1660) and the Great Northern War (1700-1721). Finally, the Second World War destroyed most of what was left, when in 1944 the front line of German and Soviet troops was located in the Jelgava region for three months. Traces of various wars, in addition to other conflicts and looting, greatly reduce the ability of many Latvian towns to authentically demonstrate the Outstanding Universal Value of the Duchy.<\/p><p style=\"text-align: justify;\">Throughout the country, the most important surviving evidence of the period between the 16th and 18th centuries is the respective churches, many of which have since been remodeled. As for the castles, those that have remained are either greatly altered or in ruins, including Ventspils, Bauska and Aizpute castles. Since the Courland castles were castles of the time of the Livonian Order and therefore do not represent the architecture of Kurz Courland, several palaces were built in the 18th century by order of the dukes. Unfortunately, Jelgava Palace had to be completely reconstructed in the fifties of the 20th century after it burned down. Rund\u0101le Palace, the best remaining evidence of ducal palaces, documents the transformations during the exile of Duke Ernst Johann Biron in the mid-18th century, and unfortunately was also affected by the First World War. With the exception of Kuldiga, there are a few \u2013 usually smaller \u2013 towns where authentic urban structures from the Duchy period can still be seen (e.g., Kandava, Talsi and Bauska). In the port cities of Liep\u0101ja and Ventspils there are remains of commercial and storage buildings, which sometimes lack authenticity due to later changes. The remains of residential buildings can be found in towns such as Bauska, Jelgava, Liep\u0101ja, Kandava, Talsi and Ventspils, the best-preserved ones are in Bauska, where the building inspection carried out in 2012\/2013 showed that 23 buildings from the duchy period still exist; about 15 of them are quite authentic. In Kuld\u012bga, you can still find more than 70% of the masonry constructions of buildings built before the 19th century.<\/p><p style=\"text-align: justify;\">Finally, Kuld\u012bga is not always distinguished by the fact that it was historically more important than other towns and cities of Courland, but by its exemplary degree of conservation and completeness, which reflects the times when the small Duchy of Courland and Semigallia participated in international trade with the most powerful European nations. Kuld\u012bga is the last and only large administrative center and the residence of the ruler of Courland that has survived to this day and therefore bears witness to this era in a way that no other town or city can. Given the intense war history of the area described, it is surprising that the town can retain such a significant amount of its historic urban character. The authenticity and integrity seen in Kuld\u012bga is unmatched in the region. Therefore, it was established that Kuld\u012bga (Goldingen) is the only place that can represent the formulated Outstanding Universal Value as evidence of the historical period of the Duchy of Courland and Semigallia.<\/p>\t\t\t\t\t\t\t\t<\/div>\n\t\t\t\t<\/div>\n\t\t\t\t\t<\/div>\n\t\t<\/div>\n\t\t\t\t\t<\/div>\n\t\t<\/section>\n\t\t\t\t<\/div>","protected":false},"excerpt":{"rendered":"<p>Kuld\u012bgas vecpils\u0113ta atrodas Latvijas rietumos Ventas un Alek\u0161up\u012btes satek\u0101 Kurzemes centr\u0101laj\u0101 da\u013c\u0101, aptuveni 150 kilometrus uz rietumiem no R\u012bgas. V\u0113stures dokumentos pirmoreiz piemin\u0113ta 1242. gad\u0101, Kuld\u012bga bijusi Hanzas savien\u012bbas sast\u0101v\u0101 jau kop\u0161 1368. gada. Pils\u0113ta gadsimtiem ilgi atradusies tirdzniec\u012bbas ce\u013cu krustcel\u0113s, un m\u016bsdien\u0101s taj\u0101 ir vair\u0101k nek\u0101 10 000 iedz\u012bvot\u0101ju. &hellip;<\/p>","protected":false},"author":1,"featured_media":0,"parent":0,"menu_order":1,"comment_status":"closed","ping_status":"closed","template":"","meta":{"footnotes":""},"class_list":["post-15","page","type-page","status-publish","hentry"],"_links":{"self":[{"href":"https:\/\/unesco.kuldiga.lv\/en\/wp-json\/wp\/v2\/pages\/15","targetHints":{"allow":["GET"]}}],"collection":[{"href":"https:\/\/unesco.kuldiga.lv\/en\/wp-json\/wp\/v2\/pages"}],"about":[{"href":"https:\/\/unesco.kuldiga.lv\/en\/wp-json\/wp\/v2\/types\/page"}],"author":[{"embeddable":true,"href":"https:\/\/unesco.kuldiga.lv\/en\/wp-json\/wp\/v2\/users\/1"}],"replies":[{"embeddable":true,"href":"https:\/\/unesco.kuldiga.lv\/en\/wp-json\/wp\/v2\/comments?post=15"}],"version-history":[{"count":21,"href":"https:\/\/unesco.kuldiga.lv\/en\/wp-json\/wp\/v2\/pages\/15\/revisions"}],"predecessor-version":[{"id":769,"href":"https:\/\/unesco.kuldiga.lv\/en\/wp-json\/wp\/v2\/pages\/15\/revisions\/769"}],"wp:attachment":[{"href":"https:\/\/unesco.kuldiga.lv\/en\/wp-json\/wp\/v2\/media?parent=15"}],"curies":[{"name":"wp","href":"https:\/\/api.w.org\/{rel}","templated":true}]}}