{"id":143,"date":"2020-09-03T18:44:50","date_gmt":"2020-09-03T18:44:50","guid":{"rendered":"http:\/\/127.0.0.1:81\/wordpress\/?page_id=143"},"modified":"2020-09-04T11:50:10","modified_gmt":"2020-09-04T11:50:10","slug":"normativi","status":"publish","type":"page","link":"https:\/\/unesco.kuldiga.lv\/en\/normativi\/","title":{"rendered":"Normative"},"content":{"rendered":"<h3 class=\"wp-block-heading\">Starptautiskie ties\u012bbu akti<\/h3>\n\n\n\n<p><a href=\"http:\/\/www.unesco.lv\/lv\/kultura\/pasaules-mantojums\/latvijas-nacionalais-saraksts\/latvijas-nacionalais-saraksts-1\/\" target=\"_blank\" rel=\"noreferrer noopener\">UNESCO PASAULES MANTOJUMA LATVIJAS NACION\u0100LAIS SARAKSTS<\/a><\/p>\n\n\n\n<h3 class=\"wp-block-heading\">Latvijas Republikas normat\u012bvie akti<\/h3>\n\n\n\n<p><a href=\"http:\/\/likumi.lv\/doc.php?id=78458\" target=\"_blank\" rel=\"noreferrer noopener\">MINISTRU KABINETA NOTEIKUMI NR.474 \u201eNOTEIKUMI PAR KULT\u016aRAS PIEMINEK\u013bU UZSKAITI, AIZSARDZ\u012aBU, IZMANTO\u0160ANU, RESTAUR\u0100CIJU UN VIDI DEGRAD\u0112JO\u0160A OBJEKTA STATUSA PIE\u0160\u0136IR\u0160ANU\u201d<\/a><\/p>\n\n\n\n<p><a href=\"http:\/\/www.kuldiga.lv\/images\/Faili\/Aktualitates\/kulturas_piemineki_kuldgas_novads.pdf\" class=\"mtli_attachment mtli_pdf\" target=\"_blank\" rel=\"noreferrer noopener\">VALSTS AIZSARG\u0100JAMIE KULT\u016aRAS PIEMINEK\u013bI VALSTS UN VIET\u0112J\u0100S NOZ\u012aMES<\/a><\/p>\n\n\n\n<h3 class=\"wp-block-heading\">Kuld\u012bgas novada pa\u0161vald\u012bbas saisto\u0161ie noteikumi<\/h3>\n\n\n\n<p><a href=\"http:\/\/www.kuldiga.lv\/lv\/pasvaldiba\/planosana\/teritorijas-plans#teritorijas-pl%C4%81nojuma-apb%C5%ABves-noteikumu-pras%C4%ABbu-piem%C4%93ro%C5%A1ana-papla%C5%A1in%C4%81tajam-kuld%C4%ABgas-pils%C4%93tas-pils%C4%93tb%C5%ABvniec%C4%ABbas-piemineklim\" target=\"_blank\" rel=\"noreferrer noopener\">SAISTO\u0160IE NOTEIKUMI NR.2013\/42 \u201eKULD\u012aGAS NOVADA TERITORIJAS PL\u0100NOJUMA 2013. &#8211; 2025. GADAM TERITORIJAS IZMANTO\u0160ANAS UN APB\u016aVES NOTEIKUMI UN GRAFISK\u0100 DA\u013bA\u201d<\/a><\/p>\n\n\n\n<p><a href=\"https:\/\/www.kuldiga.lv\/images\/praktikants\/Groz_2010_9sabkart_konsolid.pdf\" class=\"mtli_attachment mtli_pdf\" target=\"_blank\" rel=\"noreferrer noopener\">SAISTO\u0160IE NOTEIKUMI NR. 2010\/9 PAR SABIEDRISKO K\u0100RT\u012aBU KULD\u012aGAS NOVAD\u0100&nbsp; KULD\u012aG\u0100, KULD\u012aGAS NOV. (AR GROZ\u012aJUMIEM, KAS IZDAR\u012aTI AR KULD\u012aGAS NOVADA PA\u0160VALD\u012aBAS&nbsp; 29.03.2012.SAISTO\u0160AJIEM NOTEIKUMIEM NR. 2012\/10 UN 31.10.2013. SAISTO\u0160AJIEM NOTEIKUMIEM NR.2013\/22)<\/a><\/p>\n\n\n\n<p><a href=\"https:\/\/www.kuldiga.lv\/images\/praktikants\/2010_13_ar_groz.pdf\" class=\"mtli_attachment mtli_pdf\" target=\"_blank\" rel=\"noreferrer noopener\">SAISTO\u0160IE NOTEIKUMI NR.2010\/13 \u201dPAR KULD\u012aGAS NOVADA TERITORIJAS LABIEK\u0100RTO\u0160ANU, APST\u0100D\u012aJUMU UZTUR\u0112\u0160ANU UN AIZSARDZ\u012aBU\u201d KULD\u012aG\u0100, KULD\u012aGAS NOV. (AR GROZ\u012aJUMIEM, KAS IZDAR\u012aTI AR KULD\u012aGAS NOVADA PA\u0160VALD\u012aBAS 31.10.2013. SAISTO\u0160AJIEM NOTEIKUMIEM NR.2013\/29)<\/a><\/p>\n\n\n\n<p><a href=\"https:\/\/www.kuldiga.lv\/images\/praktikants\/2010_19_ar_grozjumiem.pdf\" class=\"mtli_attachment mtli_pdf\" target=\"_blank\" rel=\"noreferrer noopener\">SAISTO\u0160IE NOTEIKUMI NR.2010\/19 \u201dPAR REKL\u0100MAS UN VIZU\u0100L\u0100S KOMUNIK\u0100CIJAS OBJEKTU IZVIETO\u0160ANU PUBLISKAJ\u0100S VIET\u0100S KULD\u012aGAS PILS\u0112T\u0100\u201d KULD\u012aG\u0100, KULD\u012aGAS NOV. (AR GROZ\u012aJUMIEM, KAS IZDAR\u012aTI AR KULD\u012aGAS NOVADA DOMES 31.10.2013. SAISTO\u0160AJIEM NOTEIKUMIEM NR.2013\/28)<\/a><\/p>\n\n\n\n<p><a href=\"https:\/\/www.kuldiga.lv\/images\/praktikants\/2010_21.pdf\" class=\"mtli_attachment mtli_pdf\" target=\"_blank\" rel=\"noreferrer noopener\">SAISTO\u0160IE NOTEIKUMI NR.2010\/21 \u201dNODEVA PAR B\u016aVAT\u013bAUJAS SA\u0145EM\u0160ANU KULD\u012aGAS NOVAD\u0100\u201d KULD\u012aG\u0100, KULD\u012aGAS NOV. (AR GROZ\u012aJUMIEM, KAS IZDAR\u012aTI AR KULD\u012aGAS NOVADA DOMES 31.10.2013. SAISTO\u0160AJIEM NOTEIKUMIEM NR.2013\/27)<\/a><\/p>\n\n\n\n<p><a href=\"https:\/\/www.kuldiga.lv\/images\/praktikants\/2011_1_ar_groz.pdf\" class=\"mtli_attachment mtli_pdf\" target=\"_blank\" rel=\"noreferrer noopener\">SAISTO\u0160IE NOTEIKUMI NR.2011\/1 \u201dPAR K\u0100RT\u012aBU, K\u0100D\u0100 IZVIETOJAMAS IELU UN LAUKUMU NOSAUKUMU PL\u0100KSNES UN \u0112KU NUMURZ\u012aMES KULD\u012aGAS NOVAD\u0100\u201d KULD\u012aG\u0100, KULD\u012aGAS NOV. (AR GROZ\u012aJUMIEM, KAS IZDAR\u012aTI AR KULD\u012aGAS NOVADA PA\u0160VALD\u012aBAS 31.10.2013. SAISTO\u0160AJIEM NOTEIKUMIEM NR.2013\/26)<\/a><\/p>\n\n\n\n<p><a href=\"http:\/\/kuldiga.lv\/images\/praktikants\/saistosie_2011_28_piegulos.pdf\" class=\"mtli_attachment mtli_pdf\" target=\"_blank\" rel=\"noreferrer noopener\">NR. 2011\/28&nbsp;<\/a><a href=\"http:\/\/kuldiga.lv\/images\/praktikants\/saistosie_2011_28_piegulos.pdf\" class=\"mtli_attachment mtli_pdf\" target=\"_blank\" rel=\"noreferrer noopener\">PAR GROZ\u012aJUMIEM KULD\u012aGAS NOVADA PA\u0160VALD\u012aBAS SAISTO\u0160AJOS NOTEIKUMOS NR.2010\/14 &#8220;SAISTO\u0160IE NOTEIKUMI PAR \u012aPA\u0160UMAM PIEGULO\u0160\u0100S PUBLISK\u0100 LIETO\u0160AN\u0100 ESO\u0160\u0100S TERITORIJAS (G\u0100J\u0112JU IETVES, IZ\u0145EMOT SABIEDRISK\u0100 TRANSPORTA PIETURVIETAS, GR\u0100VJI, CAURTEKAS UN Z\u0100LIENU L\u012aDZ BRAUKTUVES MALAI) KOP\u0160ANU<\/a><\/p>\n\n\n\n<p><a href=\"https:\/\/www.kuldiga.lv\/images\/praktikants\/simbolika_saistosie_2012_9_konsoli_1_.pdf\" class=\"mtli_attachment mtli_pdf\" target=\"_blank\" rel=\"noreferrer noopener\">SAISTO\u0160IE NOTEIKUMI NR. 2012\/9 PAR KULD\u012aGAS NOVADA SIMBOLIKU (AR GROZ\u012aJUMIEM, KAS IZDAR\u012aTI AR KULD\u012aGAS NOVADA PA\u0160VALD\u012aBAS 31.10.2013. SAISTO\u0160AJIEM NOTEIKUMIEM NR.2013\/21)<\/a><\/p>\n\n\n\n<p><a href=\"https:\/\/www.kuldiga.lv\/images\/praktikants\/2013_5_palidziba_dzivoklu_jaut_dzivojamas_majas_groz_euro.pdf\" class=\"mtli_attachment mtli_pdf\" target=\"_blank\" rel=\"noreferrer noopener\">SAISTO\u0160IE NOTEIKUMI NR.2013\/5&nbsp; \u201dPAR K\u0100RT\u012aBU, K\u0100D\u0100 KULD\u012aGAS NOVADA PA\u0160VALD\u012aBA PIE\u0160\u0136IR L\u012aDZEK\u013bUS PAL\u012aDZ\u012aBAS SNIEG\u0160ANAI DZ\u012aVOJAMO M\u0100JU \u012aPA\u0160NIEKIEM LIKUMA \u201dPAR PAL\u012aDZ\u012aBU DZ\u012aVOK\u013bA JAUT\u0100JUMU RISIN\u0100\u0160AN\u0100\u201d 27.2 PANTA OTRAJ\u0100 DA\u013b\u0100 NOTEIKTAJOS GAD\u012aJUMOS\u201d KULD\u012aG\u0100, KULD\u012aGAS NOV. (AR GROZ\u012aJUMIEM, KAS IZDAR\u012aTI AR KULD\u012aGAS NOVADA PA\u0160VALD\u012aBAS 31.10.2013. SAISTO\u0160AJIEM NOTEIKUMIEM NR.2013\/19)<\/a><\/p>\n\n\n\n<p><a href=\"http:\/\/www.kuldiga.lv\/images\/Faili\/Pasvaldiba\/saistosie_2014_1_vesturiskas_buves.pdf\" class=\"mtli_attachment mtli_pdf\" target=\"_blank\" rel=\"noreferrer noopener\">NR. 2014\/1 \u201ePAR PA\u0160VALD\u012aBAS PAL\u012aDZ\u012aBU VALSTS NOZ\u012aMES KULT\u016aRAS PIEMINEK\u013bA \u201cKULD\u012aGAS PILS\u0112TAS V\u0112STURISKAIS CENTRS\u201d TERITORIJ\u0100 ESO\u0160O \u0112KU, K\u0100 AR\u012a LATVIJAS VALSTS AIZSARG\u0100JAMO KULT\u016aRAS PIEMINEK\u013bU SARAKST\u0100 IETVERTO \u0112KU RESTAUR\u0100CIJAI UN KONSERV\u0100CIJAI KULD\u012aGAS NOVAD\u0100\u201d<\/a><\/p>","protected":false},"excerpt":{"rendered":"<p>Starptautiskie ties\u012bbu akti UNESCO PASAULES MANTOJUMA LATVIJAS NACION\u0100LAIS SARAKSTS Latvijas Republikas normat\u012bvie akti MINISTRU KABINETA NOTEIKUMI NR.474 \u201eNOTEIKUMI PAR KULT\u016aRAS PIEMINEK\u013bU UZSKAITI, AIZSARDZ\u012aBU, IZMANTO\u0160ANU, RESTAUR\u0100CIJU UN VIDI DEGRAD\u0112JO\u0160A OBJEKTA STATUSA PIE\u0160\u0136IR\u0160ANU\u201d VALSTS AIZSARG\u0100JAMIE KULT\u016aRAS PIEMINEK\u013bI VALSTS UN VIET\u0112J\u0100S NOZ\u012aMES Kuld\u012bgas novada pa\u0161vald\u012bbas saisto\u0161ie noteikumi SAISTO\u0160IE NOTEIKUMI NR.2013\/42 \u201eKULD\u012aGAS NOVADA TERITORIJAS &hellip;<\/p>","protected":false},"author":1,"featured_media":0,"parent":0,"menu_order":0,"comment_status":"closed","ping_status":"closed","template":"","meta":{"footnotes":""},"class_list":["post-143","page","type-page","status-publish","hentry"],"_links":{"self":[{"href":"https:\/\/unesco.kuldiga.lv\/en\/wp-json\/wp\/v2\/pages\/143","targetHints":{"allow":["GET"]}}],"collection":[{"href":"https:\/\/unesco.kuldiga.lv\/en\/wp-json\/wp\/v2\/pages"}],"about":[{"href":"https:\/\/unesco.kuldiga.lv\/en\/wp-json\/wp\/v2\/types\/page"}],"author":[{"embeddable":true,"href":"https:\/\/unesco.kuldiga.lv\/en\/wp-json\/wp\/v2\/users\/1"}],"replies":[{"embeddable":true,"href":"https:\/\/unesco.kuldiga.lv\/en\/wp-json\/wp\/v2\/comments?post=143"}],"version-history":[{"count":2,"href":"https:\/\/unesco.kuldiga.lv\/en\/wp-json\/wp\/v2\/pages\/143\/revisions"}],"predecessor-version":[{"id":224,"href":"https:\/\/unesco.kuldiga.lv\/en\/wp-json\/wp\/v2\/pages\/143\/revisions\/224"}],"wp:attachment":[{"href":"https:\/\/unesco.kuldiga.lv\/en\/wp-json\/wp\/v2\/media?parent=143"}],"curies":[{"name":"wp","href":"https:\/\/api.w.org\/{rel}","templated":true}]}}