{"id":126,"date":"2020-09-03T18:37:38","date_gmt":"2020-09-03T18:37:38","guid":{"rendered":"http:\/\/127.0.0.1:81\/wordpress\/?page_id=126"},"modified":"2020-09-09T11:14:14","modified_gmt":"2020-09-09T11:14:14","slug":"unesco-teritorija","status":"publish","type":"page","link":"https:\/\/unesco.kuldiga.lv\/en\/iss-unesco-pieteikums\/unesco-teritorija\/","title":{"rendered":"UNESCO territory"},"content":{"rendered":"<p><a href=\"https:\/\/www.kuldiga.lv\/images\/Faili\/Kuldiga\/vecpilsetas_karte_2017.pdf\" class=\"mtli_attachment mtli_pdf\" target=\"_blank\" rel=\"noopener noreferrer\"><img decoding=\"async\" class=\"aligncenter\" src=\"https:\/\/www.kuldiga.lv\/images\/Faili\/Kuldiga\/vecpilseta_karte2_r.jpg\" alt=\"\" data-pagespeed-url-hash=\"1839327385\" \/><\/a><\/p>\n<p class=\"cits-pdf\"><a href=\"https:\/\/www.kuldiga.lv\/images\/Faili\/Kuldiga\/vecpilsetas_karte_2017.pdf\" class=\"mtli_attachment mtli_pdf\" target=\"_blank\" rel=\"noopener noreferrer\">MAP OF THE HISTORICAL CENTER OF KULD\u012aGA<\/a><\/p>\n<p>In accordance with the \"Convention on the Protection of the World Cultural and Natural Heritage and its Guidelines\" ratified by the Saeima of the Republic of Latvia on February 17, 1997, the Assembly of the Latvian National Commission for UNESCO has approved the nomination \"Kuld\u012bga Old Town in the Venta Senlej\u0101\" by Decision No. 6 of February 25, 2011. place in the Latvian national list of UNESCO World Heritage.<\/p>\n<p>In accordance with the regulations of the UNESCO World Heritage National List, the Kuld\u012bgas Municipality submitted an application for the nomination of Kuld\u012bgas to the Latvian National List of the UNESCO World Heritage by September 15, 2010, where the universal values of the special significance of the Kuld\u012bgas Old Town and the Venta Valley complex were substantiated in a new quality.<\/p>\n<p>The Latvian National List of UNESCO World Heritage, or the Preliminary List, was created with the aim of highlighting, identifying and popularizing Latvia's cultural and natural heritage, which, in the sense of the UNESCO Convention on the Protection of World Cultural and Natural Heritage, has universal value of special importance in the context of Latvian, European and world heritage and which is protected and passing on to future generations. This status is a stage on the way to a place on the main list of World Heritage, which would enable the city to attract additional resources in the fields of education, science and culture, stimulate the preservation and protection of the historical center of Kuld\u012bga, attract tourists, promote quality development of the city and the well-being of the residents. In order to achieve this, it is necessary to organize the city, develop management and development plans, identify the values of the city of Kuld\u012bga, preserve them and sensibly restore them. The cooperation of the city's residents, house owners, managers and the municipality of Kuld\u012bga region is very important.<\/p>\n<p>The historical center of the city of Kuld\u012bga and its buildings should be evaluated together with the unique natural landscape. The historical structure and nature of the city form an unrepeatable single ensemble, which is not similar not only in Latvia, but also elsewhere in Europe.<\/p>\n<p><img decoding=\"async\" class=\"aligncenter\" src=\"https:\/\/www.kuldiga.lv\/images\/Sadalas\/Kuldiga\/IMG_0446s.jpg\" alt=\"\" data-pagespeed-url-hash=\"1570601281\" \/><\/p>\n<p>Historically, the Venta river and the Venta waterfall have played an important role in the development of the city of Kuld\u012bga. Objects geographically connected to the Venta Valley are included in the World Heritage: Kuld\u012bga Old Town, Kuld\u012bga Castle Hill, Kuld\u012bga Castle and the Venta Canal.<\/p>\n<p><img decoding=\"async\" class=\"aligncenter\" src=\"https:\/\/www.kuldiga.lv\/images\/Sadalas\/Kuldiga\/IMG_0068s.jpg\" alt=\"\" data-pagespeed-url-hash=\"3765716909\" \/><\/p>\n<p>The nomination was evaluated in accordance with the regulations of the Latvian national list of UNESCO World Heritage, developed based on the implementation guidelines of the UNESCO Convention on the Protection of the World Cultural and Natural Heritage and the convention itself. Where necessary, the opinion of relevant institutions or organizations was requested, and experts in the relevant fields were also involved in the evaluation.<\/p>\n<p>Detailed nomination application submitted by Kuld\u012bga municipality: \"Old town of Kuld\u012bga in the lower part of Venta\".<\/p>\n<p><strong>Pielikumi:<\/strong><\/p>\n<p class=\"cits-pdf\"><a href=\"https:\/\/www.kuldiga.lv\/images\/Faili\/Kuldiga\/2_UNESCO_robeza.pdf\" class=\"mtli_attachment mtli_pdf\" target=\"_blank\" rel=\"noopener noreferrer\">UNESCO TERRITORIAL BOUNDARIES<\/a><\/p>\n<p class=\"cits-pdf\"><a href=\"https:\/\/www.kuldiga.lv\/images\/Faili\/Kuldiga\/3_UNESCO_ter__kulturvesturiskas_un_dabas_vertibas.pdf\" class=\"mtli_attachment mtli_pdf\" target=\"_blank\" rel=\"noopener noreferrer\">UNESCO TERRITORY, CULTURAL-HISTORICAL AND NATURAL VALUES<\/a><\/p>\n<p class=\"cits-pdf\"><a href=\"https:\/\/www.kuldiga.lv\/images\/Faili\/Kuldiga\/5_Pielikums_kartes_foto-1dala.pdf\" class=\"mtli_attachment mtli_pdf\" target=\"_blank\" rel=\"noopener noreferrer\">HISTORICAL STREET AND BUILDING STRUCTURE<\/a><\/p>\n<p class=\"cits-pdf\"><a href=\"https:\/\/www.kuldiga.lv\/images\/Faili\/Kuldiga\/5_Pielikums_pilseta_foto_2dala.pdf\" class=\"mtli_attachment mtli_pdf\" target=\"_blank\" rel=\"noopener noreferrer\">THE CULTURAL-HISTORICAL LANDSCAPE OF THE STREETS OF THE OLD TOWN<\/a><\/p>\n<p class=\"cits-pdf\"><a href=\"https:\/\/www.kuldiga.lv\/images\/Faili\/Kuldiga\/5_Pielikums_serijas_foto_3dala.pdf\" class=\"mtli_attachment mtli_pdf\" target=\"_blank\" rel=\"noopener noreferrer\">CARPENTRY DETAILS<\/a><\/p>\n<p class=\"cits-pdf\"><a href=\"https:\/\/www.kuldiga.lv\/images\/Faili\/Kuldiga\/5_Pielikums_trad_foto_4dala.pdf\" class=\"mtli_attachment mtli_pdf\" target=\"_blank\" rel=\"noopener noreferrer\">THE LIVING ENVIRONMENT OF THE OLD TOWN AND THE VALUE OF IDENTITY<\/a><\/p>","protected":false},"excerpt":{"rendered":"<p>KULD\u012aGAS V\u0112STURISK\u0100 CENTRA KARTE Saska\u0146\u0101 ar 1997. gada 17. febru\u0101r\u012b Latvijas Republikas Saeimas ratific\u0113to \u201eKonvenciju par Pasaules kult\u016bras un dabas mantojuma aizsardz\u012bbu un t\u0101s vadl\u012bnij\u0101m\u201d UNESCO Latvijas Nacion\u0101l\u0101s komisijas Asambleja\u00a0 ar 2011. gada 25. febru\u0101ra l\u0113mumu Nr.6 ir apstiprin\u0101jusi nomin\u0101cijas \u201eKuld\u012bgas vecpils\u0113ta Ventas senlej\u0101\u201d vietu UNESCO Pasaules mantojuma Latvijas nacion\u0101laj\u0101 &hellip;<\/p>","protected":false},"author":1,"featured_media":0,"parent":15,"menu_order":0,"comment_status":"closed","ping_status":"closed","template":"","meta":{"footnotes":""},"class_list":["post-126","page","type-page","status-publish","hentry"],"_links":{"self":[{"href":"https:\/\/unesco.kuldiga.lv\/en\/wp-json\/wp\/v2\/pages\/126","targetHints":{"allow":["GET"]}}],"collection":[{"href":"https:\/\/unesco.kuldiga.lv\/en\/wp-json\/wp\/v2\/pages"}],"about":[{"href":"https:\/\/unesco.kuldiga.lv\/en\/wp-json\/wp\/v2\/types\/page"}],"author":[{"embeddable":true,"href":"https:\/\/unesco.kuldiga.lv\/en\/wp-json\/wp\/v2\/users\/1"}],"replies":[{"embeddable":true,"href":"https:\/\/unesco.kuldiga.lv\/en\/wp-json\/wp\/v2\/comments?post=126"}],"version-history":[{"count":3,"href":"https:\/\/unesco.kuldiga.lv\/en\/wp-json\/wp\/v2\/pages\/126\/revisions"}],"predecessor-version":[{"id":319,"href":"https:\/\/unesco.kuldiga.lv\/en\/wp-json\/wp\/v2\/pages\/126\/revisions\/319"}],"up":[{"embeddable":true,"href":"https:\/\/unesco.kuldiga.lv\/en\/wp-json\/wp\/v2\/pages\/15"}],"wp:attachment":[{"href":"https:\/\/unesco.kuldiga.lv\/en\/wp-json\/wp\/v2\/media?parent=126"}],"curies":[{"name":"wp","href":"https:\/\/api.w.org\/{rel}","templated":true}]}}