{"id":426,"date":"2023-05-15T08:02:04","date_gmt":"2023-05-15T08:02:04","guid":{"rendered":"https:\/\/unesco.kuldiga.lv\/?page_id=426"},"modified":"2023-05-15T14:25:00","modified_gmt":"2023-05-15T14:25:00","slug":"world-heritage","status":"publish","type":"page","link":"http:\/\/unesco.kuldiga.lv\/lv\/world-heritage\/","title":{"rendered":"Pasaules mantojums"},"content":{"rendered":"\t\t<div data-elementor-type=\"wp-page\" data-elementor-id=\"426\" class=\"elementor elementor-426\">\n\t\t\t\t\t\t<section class=\"elementor-section elementor-top-section elementor-element elementor-element-03d09d7 elementor-section-boxed elementor-section-height-default elementor-section-height-default\" data-id=\"03d09d7\" data-element_type=\"section\" data-e-type=\"section\">\n\t\t\t\t\t\t<div class=\"elementor-container elementor-column-gap-default\">\n\t\t\t\t\t<div class=\"elementor-column elementor-col-100 elementor-top-column elementor-element elementor-element-443ad80\" data-id=\"443ad80\" data-element_type=\"column\" data-e-type=\"column\">\n\t\t\t<div class=\"elementor-widget-wrap elementor-element-populated\">\n\t\t\t\t\t\t<div class=\"elementor-element elementor-element-c41fd0c elementor-widget elementor-widget-text-editor\" data-id=\"c41fd0c\" data-element_type=\"widget\" data-e-type=\"widget\" data-no-translation=\"\" data-widget_type=\"text-editor.default\">\n\t\t\t\t<div class=\"elementor-widget-container\">\n\t\t\t\t\t\t\t\t\t<p><strong>UNESCO<\/strong><\/p><p>Apvienoto N\u0101ciju Izgl\u012bt\u012bbas, zin\u0101tnes un kult\u016bras organiz\u0101cija (UNESCO) ir specializ\u0113ta Apvienoto N\u0101ciju Organiz\u0101cijas (ANO) a\u0123ent\u016bra. UNESCO dibin\u0101ta 1945. gada 16. novembr\u012b ar m\u0113r\u0137i veicin\u0101t vis\u0101 pasaul\u0113 miera kult\u016bru, rosin\u0101t sadarb\u012bbu un dialogu starp cilv\u0113kiem un da\u017e\u0101d\u0101m kult\u016br\u0101m, dot ieguld\u012bjumu nabadz\u012bbas mazin\u0101\u0161an\u0101 un veicin\u0101t ilgtsp\u0113j\u012bgu att\u012bst\u012bbu ar izgl\u012bt\u012bbas, zin\u0101tnes, kult\u016bras un komunik\u0101cijas pal\u012bdz\u012bbu.<\/p><p>UNESCO p\u0113c sava juridisk\u0101 statusa ir patst\u0101v\u012bga, autonoma starpvald\u012bbu organiz\u0101cija. \u0160obr\u012bd taj\u0101 ir 195 dal\u012bbvalstis. T\u0101s \u0123ener\u0101ldirektore kop\u0161 2017. gada rudens ir Francijas p\u0101rst\u0101ve Odrija Azul\u0113 (Audrey Azoulay). UNESCO bud\u017eetu veido t\u0101s dal\u012bbvalstu ikgad\u0113j\u0101s iemaksas, k\u0101 ar\u012b \u012bpa\u0161as valstu m\u0113r\u0137dot\u0101cijas k\u0101du noteiktu programmu pilnveidei vai projektu realiz\u0101cijai.<br \/>UNESCO darb\u012bbas jomas ir: izgl\u012bt\u012bba, dabas zin\u0101tnes, soci\u0101l\u0101s un humanit\u0101r\u0101s zin\u0101tnes, kult\u016bra, komunik\u0101cija un inform\u0101cija. Pla\u0161\u0101ka inform\u0101cija \u0161eit: https:\/\/www.unesco.org\/en<\/p><p><strong>UNESCO Latvij\u0101<\/strong><br \/>Latvija ir UNESCO dal\u012bbvalsts kop\u0161 1991. gada 14. oktobra, kad notika ofici\u0101l\u0101 valsts uz\u0146em\u0161anas ceremonija UNESCO galvenaj\u0101 m\u012btn\u0113 Par\u012bz\u0113. Atbilsto\u0161i UNESCO Konstit\u016bcijai 1992. gad\u0101 ar Latvijas Republikas Augst\u0101k\u0101s padomes l\u0113mumu tika izveidota UNESCO Latvijas Nacion\u0101l\u0101 komisija (UNESCO LNK).<br \/>Nacion\u0101l\u0101s komisijas ir katras dal\u012bbvalsts izveidotas instit\u016bcijas sadarb\u012bbai ar UNESCO, kuru tiesiskais statuss tiek noteikts, pamatojoties uz katras valsts iek\u0161\u0113jo normat\u012bvo aktu sist\u0113mu. Nacion\u0101l\u0101s komisijas ir unik\u0101ls institucion\u0101ls org\u0101ns, kuram nav l\u012bdz\u012bga nevien\u0101 cit\u0101 ANO sist\u0113mas organiz\u0101cij\u0101. UNESCO nacion\u0101lo komisiju pamatuzdevums ir nodro\u0161in\u0101t katras dal\u012bbvalsts sadarb\u012bbu ar UNESCO un p\u0101rst\u0101v\u0113t dal\u012bbvalsts intereses organiz\u0101cijas darb\u0101, k\u0101 ar\u012b \u012bstenot UNESCO programmas un idejas attiec\u012bg\u0101 valst\u012b.<\/p><p>UNESCO LNK veicina sekm\u012bgu Latvijas dal\u012bbu UNESCO, sniedz atzinumus un priek\u0161likumus par UNESCO kompetences jaut\u0101jumiem, izstr\u0101d\u0101 r\u012bc\u012bbas pl\u0101nus UNESCO programmu \u012bsteno\u0161anai Latvij\u0101, koordin\u0113jot to izpildi, piedal\u0101s UNESCO un ar to saist\u012bto starpvald\u012bbu un starptautisko instit\u016bciju darb\u0101, k\u0101 ar\u012b sniedz inform\u0101ciju un veido sadarb\u012bbu Latvij\u0101 UNESCO darb\u012bbas jom\u0101s.<\/p><p><strong>UNESCO Pasaules mantojums<\/strong><br \/>Pasaules kult\u016bras un dabas mantojuma saglab\u0101\u0161ana un aizsardz\u012bba ir viens no redzam\u0101kajiem UNESCO darb\u012bbas virzieniem. UNESCO uzsver, ka ir nepiecie\u0161ams rad\u012bt vienotu normat\u012bvo sist\u0113mu, kas aicin\u0101tu dal\u012bbvalstis vis\u0101 pasaul\u0113 aizsarg\u0101t un kopt savu v\u0113sturi, atmi\u0146u un kult\u016bru, jo ikviena kult\u016bras izpausme un liec\u012bba ir cilv\u0113ces kop\u0113jais mantojums. Pasaules mantojuma saglab\u0101\u0161anas un aizsardz\u012bbas pamat\u0101 ir 1972. gad\u0101 pie\u0146emt\u0101 Konvencija par pasaules kult\u016bras un dabas mantojuma aizsardz\u012bbu. Latvija Konvencijai pievienoj\u0101s 1995. gad\u0101, apliecinot v\u0113lmi sniegt savu ieguld\u012bjumu pasaules mantojuma saglab\u0101\u0161an\u0101. Kop\u0161 pievieno\u0161an\u0101s Konvencijai pasaules mantojums ir k\u013cuvis par Latvijas kult\u016brpolitik\u0101 un kult\u016bras mantojuma aizsardz\u012bb\u0101 noz\u012bm\u012bgu darb\u012bbas jomu.<br \/>Katra Konvencijas dal\u012bbvalsts ir atbild\u012bga par t\u0101s \u012bsteno\u0161anu. Galvenie partneri starptautiskajam dialogam par pasaules mantojuma saglab\u0101\u0161anu ir Pasaules mantojuma centrs, kur\u0161 organiz\u0113 un p\u0101rrauga ar Konvenciju saist\u012btos darbus un procesus, un Pasaules mantojuma komiteja, kura pie\u0146em l\u0113mumus par pasaules mantojuma aizsardz\u012bbas un att\u012bst\u012bbas jaut\u0101jumiem. Komiteja ar\u012b lemj par vietu iek\u013cau\u0161anu Pasaules mantojuma sarakst\u0101, kas ir viens no starptautiski noz\u012bm\u012bg\u0101kajiem sarakstiem pasaules kult\u016bras mantojuma jom\u0101. Lai mantojuma vietu var\u0113tu nomin\u0113t Pasaules mantojuma sarakstam, tai nepiecie\u0161ams b\u016bt UNESCO dal\u012bbvalsts nacion\u0101laj\u0101 sarakst\u0101, t\u0101ds ir izveidots ar\u012b Latvij\u0101 &#8211; Pasaules mantojuma Latvijas nacion\u0101lais saraksts.<br \/>Konvencija par pasaules kult\u016bras un dabas mantojuma aizsardz\u012bbu: <a href=\"https:\/\/likumi.lv\/ta\/lv\/starptautiskie-ligumi\/id\/766\">https:\/\/likumi.lv\/ta\/lv\/starptautiskie-ligumi\/id\/766<\/a>\u00a0<br \/>Vair\u0101k inform\u0101cijas par UNESCO Pasaules mantojumu: <a href=\"https:\/\/whc.unesco.org\/en\/\">https:\/\/whc.unesco.org\/en\/<\/a>\u00a0<\/p>\t\t\t\t\t\t\t\t<\/div>\n\t\t\t\t<\/div>\n\t\t\t\t\t<\/div>\n\t\t<\/div>\n\t\t\t\t\t<\/div>\n\t\t<\/section>\n\t\t\t\t<section class=\"elementor-section elementor-top-section elementor-element elementor-element-1bcbd842 elementor-section-boxed elementor-section-height-default elementor-section-height-default\" data-id=\"1bcbd842\" data-element_type=\"section\" data-e-type=\"section\">\n\t\t\t\t\t\t<div class=\"elementor-container elementor-column-gap-default\">\n\t\t\t\t\t<div class=\"elementor-column elementor-col-100 elementor-top-column elementor-element elementor-element-d59aac0\" data-id=\"d59aac0\" data-element_type=\"column\" data-e-type=\"column\">\n\t\t\t<div class=\"elementor-widget-wrap elementor-element-populated\">\n\t\t\t\t\t\t<div class=\"elementor-element elementor-element-877cf9f elementor-widget elementor-widget-text-editor\" data-id=\"877cf9f\" data-element_type=\"widget\" data-e-type=\"widget\" data-no-translation=\"\" data-widget_type=\"text-editor.default\">\n\t\t\t\t<div class=\"elementor-widget-container\">\n\t\t\t\t\t<style>.elementor-element-877cf9f{display:none !important}<\/style>\t\t\t\t<\/div>\n\t\t\t\t<\/div>\n\t\t\t\t\t<\/div>\n\t\t<\/div>\n\t\t\t\t\t<\/div>\n\t\t<\/section>\n\t\t\t\t<\/div>\n\t\t","protected":false},"excerpt":{"rendered":"<p>UNESCO Apvienoto N\u0101ciju Izgl\u012bt\u012bbas, zin\u0101tnes un kult\u016bras organiz\u0101cija (UNESCO) ir specializ\u0113ta Apvienoto N\u0101ciju Organiz\u0101cijas (ANO) a\u0123ent\u016bra. UNESCO dibin\u0101ta 1945. gada 16. novembr\u012b ar m\u0113r\u0137i veicin\u0101t vis\u0101 pasaul\u0113 miera kult\u016bru, rosin\u0101t sadarb\u012bbu un dialogu starp cilv\u0113kiem un da\u017e\u0101d\u0101m kult\u016br\u0101m, dot ieguld\u012bjumu nabadz\u012bbas mazin\u0101\u0161an\u0101 un veicin\u0101t ilgtsp\u0113j\u012bgu att\u012bst\u012bbu ar izgl\u012bt\u012bbas, zin\u0101tnes, kult\u016bras &hellip;<\/p>\n","protected":false},"author":1,"featured_media":0,"parent":0,"menu_order":0,"comment_status":"closed","ping_status":"closed","template":"","meta":{"footnotes":""},"class_list":["post-426","page","type-page","status-publish","hentry"],"_links":{"self":[{"href":"http:\/\/unesco.kuldiga.lv\/lv\/wp-json\/wp\/v2\/pages\/426","targetHints":{"allow":["GET"]}}],"collection":[{"href":"http:\/\/unesco.kuldiga.lv\/lv\/wp-json\/wp\/v2\/pages"}],"about":[{"href":"http:\/\/unesco.kuldiga.lv\/lv\/wp-json\/wp\/v2\/types\/page"}],"author":[{"embeddable":true,"href":"http:\/\/unesco.kuldiga.lv\/lv\/wp-json\/wp\/v2\/users\/1"}],"replies":[{"embeddable":true,"href":"http:\/\/unesco.kuldiga.lv\/lv\/wp-json\/wp\/v2\/comments?post=426"}],"version-history":[{"count":10,"href":"http:\/\/unesco.kuldiga.lv\/lv\/wp-json\/wp\/v2\/pages\/426\/revisions"}],"predecessor-version":[{"id":536,"href":"http:\/\/unesco.kuldiga.lv\/lv\/wp-json\/wp\/v2\/pages\/426\/revisions\/536"}],"wp:attachment":[{"href":"http:\/\/unesco.kuldiga.lv\/lv\/wp-json\/wp\/v2\/media?parent=426"}],"curies":[{"name":"wp","href":"https:\/\/api.w.org\/{rel}","templated":true}]}}