{"id":295,"date":"2020-09-07T08:11:15","date_gmt":"2020-09-07T08:11:15","guid":{"rendered":"http:\/\/127.0.0.1:81\/wordpress\/?page_id=295"},"modified":"2020-09-07T08:33:12","modified_gmt":"2020-09-07T08:33:12","slug":"mantojuma-aizsardziba-un-apsaimniekosana","status":"publish","type":"page","link":"http:\/\/unesco.kuldiga.lv\/lv\/mantojuma-aizsardziba-un-apsaimniekosana\/","title":{"rendered":"Mantojuma aizsardz\u012bba un apsaimnieko\u0161ana"},"content":{"rendered":"<p>Pa\u0161vald\u012bbas politika \u2013 dz\u012bva, piepild\u012bta vecpils\u0113ta<br \/>\nPa\u0161vald\u012bbas piem\u0113rs, sak\u0101rtojot savus \u012bpa\u0161umus, ieliekot funkciju vecpils\u0113t\u0101<br \/>\nKop\u0113j\u0101s invest\u012bcijas vecpils\u0113tas infrastrukt\u016br\u0101, t\u0101s teritorij\u0101 2009.-2019.g. \u2013\u00a0ap 42 milj. EUR.<\/p>\n<p>B\u016btisk\u0101k\u0101s atbalsta programmas iedz\u012bvot\u0101jiem:<br \/>\nKonkurss pieminek\u013cu\u00a0gl\u0101b\u0161anai\u00a0 vecpils\u0113tas \u0113ku un valsts\u00a0kult\u016bras\u2013\u00a0kop\u0161 2014. gada\u00a0\u012bstenoti 103 projekti, 90% no projektiem \u2013 vecpils\u0113t\u0101, pa\u0161vald\u012bbas finans\u0113jums\u00a0485 t\u016bkst. EUR;<br \/>\nDaudzdz\u012bvok\u013cu dz\u012bvojamo m\u0101ju pagalmu sak\u0101rto\u0161anas programma\u00a0\u2013 kop\u0161 2012. gada \u012bstenots 51 projekts, puse no projektiem vecpils\u0113t\u0101,<br \/>\npa\u0161vald\u012bbas finans\u0113jums\u00a0194 t\u016bkst. EUR;<\/p>\n","protected":false},"excerpt":{"rendered":"<p>Pa\u0161vald\u012bbas politika \u2013 dz\u012bva, piepild\u012bta vecpils\u0113ta Pa\u0161vald\u012bbas piem\u0113rs, sak\u0101rtojot savus \u012bpa\u0161umus, ieliekot funkciju vecpils\u0113t\u0101 Kop\u0113j\u0101s invest\u012bcijas vecpils\u0113tas infrastrukt\u016br\u0101, t\u0101s teritorij\u0101 2009.-2019.g. \u2013\u00a0ap 42 milj. EUR. B\u016btisk\u0101k\u0101s atbalsta programmas iedz\u012bvot\u0101jiem: Konkurss pieminek\u013cu\u00a0gl\u0101b\u0161anai\u00a0 vecpils\u0113tas \u0113ku un valsts\u00a0kult\u016bras\u2013\u00a0kop\u0161 2014. gada\u00a0\u012bstenoti 103 projekti, 90% no projektiem \u2013 vecpils\u0113t\u0101, pa\u0161vald\u012bbas finans\u0113jums\u00a0485 t\u016bkst. EUR; Daudzdz\u012bvok\u013cu dz\u012bvojamo &hellip;<\/p>\n","protected":false},"author":1,"featured_media":299,"parent":0,"menu_order":0,"comment_status":"closed","ping_status":"closed","template":"","meta":{"footnotes":""},"class_list":["post-295","page","type-page","status-publish","has-post-thumbnail","hentry"],"_links":{"self":[{"href":"http:\/\/unesco.kuldiga.lv\/lv\/wp-json\/wp\/v2\/pages\/295","targetHints":{"allow":["GET"]}}],"collection":[{"href":"http:\/\/unesco.kuldiga.lv\/lv\/wp-json\/wp\/v2\/pages"}],"about":[{"href":"http:\/\/unesco.kuldiga.lv\/lv\/wp-json\/wp\/v2\/types\/page"}],"author":[{"embeddable":true,"href":"http:\/\/unesco.kuldiga.lv\/lv\/wp-json\/wp\/v2\/users\/1"}],"replies":[{"embeddable":true,"href":"http:\/\/unesco.kuldiga.lv\/lv\/wp-json\/wp\/v2\/comments?post=295"}],"version-history":[{"count":1,"href":"http:\/\/unesco.kuldiga.lv\/lv\/wp-json\/wp\/v2\/pages\/295\/revisions"}],"predecessor-version":[{"id":296,"href":"http:\/\/unesco.kuldiga.lv\/lv\/wp-json\/wp\/v2\/pages\/295\/revisions\/296"}],"wp:featuredmedia":[{"embeddable":true,"href":"http:\/\/unesco.kuldiga.lv\/lv\/wp-json\/wp\/v2\/media\/299"}],"wp:attachment":[{"href":"http:\/\/unesco.kuldiga.lv\/lv\/wp-json\/wp\/v2\/media?parent=295"}],"curies":[{"name":"wp","href":"https:\/\/api.w.org\/{rel}","templated":true}]}}