{"id":286,"date":"2020-09-07T07:56:48","date_gmt":"2020-09-07T07:56:48","guid":{"rendered":"http:\/\/127.0.0.1:81\/wordpress\/?page_id=286"},"modified":"2026-03-07T11:45:23","modified_gmt":"2026-03-07T11:45:23","slug":"kuldiga-cela-uz-unesco-lidzsinejie-posmi","status":"publish","type":"page","link":"http:\/\/unesco.kuldiga.lv\/lv\/kuldiga-cela-uz-unesco-lidzsinejie-posmi\/","title":{"rendered":"Kuld\u012bga ce\u013c\u0101 uz UNESCO \u2013 l\u012bdz\u0161in\u0113jie posmi"},"content":{"rendered":"<p><strong>1997\u00a0\u2013 <\/strong>Latvija ratific\u0113 UNESCO Konvenciju par pasaules kult\u016bras un dabas mantojuma aizsardz\u012bbu, rodas ideja par Kuld\u012bgas nomin\u0101ciju UNESCO pasaules mantojuma sarakstam.<br \/>\n<strong>2001\u00a0\u2013 <\/strong>Kuld\u012bgas pa\u0161vald\u012bba UNESCO Latvijas Nacion\u0101lajai komisijai iesniedz zi\u0146ojumu par v\u0113lmi uzs\u0101kt darbu pie Kuld\u012bgas nomin\u0101cijas sagatavo\u0161anas kop\u0101 ar Nacion\u0101lo kult\u016bras mantojuma p\u0101rvaldi.<br \/>\n<strong>2004\u00a0\u2013 <\/strong>Iesniegta un apstiprin\u0101ta Kuld\u012bgas nomin\u0101cija UNESCO Pasaules mantojuma Latvijas nacion\u0101laj\u0101 sarakst\u0101.<br \/>\n<strong>2011\u00a0\u2013 <\/strong>UNESCO LNK Asambleja p\u0101rapstiprina Kuld\u012bgas nomin\u0101cijas vietu UNESCO Pasaules mantojuma Latvijas nacion\u0101laj\u0101 sarakst\u0101 unizvirza nosac\u012bjumus sagatavo\u0161an\u0101s darbiem, lai nomin\u0101cija n\u0101kotn\u0113 var\u0113tu tiktu iesniegta UNESCO Pasaules mantojuma sarakstam.<br \/>\n<strong>2021 &#8211; \u00a0<\/strong>Latvija UNESCO Pasaules mantojuma sarakstam nomin\u0113 Kuld\u012bgu, iesniedzot UNESCO Pasaules mantojuma centram sagatavoto nomin\u0101cijas \u201cKuld\u012bga\/Goldingena Kurzem\u0113\u201d<br \/>\n<strong>2023 &#8211;\u00a0 <\/strong>Sa\u0146emts pozit\u012bvs Starptautisk\u0101s iev\u0113rojamu vietu un pieminek\u013cu padomes (ICOMOS) ekspertu l\u0113mums par Kuld\u012bgas nomin\u0101cijas iek\u013cau\u0161anu Pasaules mantojuma sarakst\u0101, kas ir k\u0101 rekomend\u0101cija UNESCO Pasaules mantojuma komitejas dal\u012bbvalstu balsojumam. Tiek ieteikts papla\u0161in\u0101t nomin\u0101cij\u0101 iek\u013caujamo teritoriju, v\u0113stures posmu tv\u0113rumu un main\u012bt nosaukumu uz \u201cKuld\u012bgas vecpils\u0113ta.\u201d<br \/>\n<strong>2023\u00a0&#8211;\u00a0 <\/strong>17. septembr\u012b UNESCO Pasaules mantojuma komiteja 45. sesija Rij\u0101d\u0101, Sa\u016bda Ar\u0101bij\u0101, lemj par Kuld\u012bgas vecpils\u0113tas uz\u0146em\u0161anu UNESCO Pasaules mantojuma sarakst\u0101<\/p>\n","protected":false},"excerpt":{"rendered":"<p>1997\u00a0\u2013 Latvija ratific\u0113 UNESCO Konvenciju par pasaules kult\u016bras un dabas mantojuma aizsardz\u012bbu, rodas ideja par Kuld\u012bgas nomin\u0101ciju UNESCO pasaules mantojuma sarakstam. 2001\u00a0\u2013 Kuld\u012bgas pa\u0161vald\u012bba UNESCO Latvijas Nacion\u0101lajai komisijai iesniedz zi\u0146ojumu par v\u0113lmi uzs\u0101kt darbu pie Kuld\u012bgas nomin\u0101cijas sagatavo\u0161anas kop\u0101 ar Nacion\u0101lo kult\u016bras mantojuma p\u0101rvaldi. 2004\u00a0\u2013 Iesniegta un apstiprin\u0101ta Kuld\u012bgas nomin\u0101cija &hellip;<\/p>\n","protected":false},"author":1,"featured_media":99,"parent":0,"menu_order":0,"comment_status":"closed","ping_status":"closed","template":"","meta":{"footnotes":""},"class_list":["post-286","page","type-page","status-publish","has-post-thumbnail","hentry"],"_links":{"self":[{"href":"http:\/\/unesco.kuldiga.lv\/lv\/wp-json\/wp\/v2\/pages\/286","targetHints":{"allow":["GET"]}}],"collection":[{"href":"http:\/\/unesco.kuldiga.lv\/lv\/wp-json\/wp\/v2\/pages"}],"about":[{"href":"http:\/\/unesco.kuldiga.lv\/lv\/wp-json\/wp\/v2\/types\/page"}],"author":[{"embeddable":true,"href":"http:\/\/unesco.kuldiga.lv\/lv\/wp-json\/wp\/v2\/users\/1"}],"replies":[{"embeddable":true,"href":"http:\/\/unesco.kuldiga.lv\/lv\/wp-json\/wp\/v2\/comments?post=286"}],"version-history":[{"count":8,"href":"http:\/\/unesco.kuldiga.lv\/lv\/wp-json\/wp\/v2\/pages\/286\/revisions"}],"predecessor-version":[{"id":1376,"href":"http:\/\/unesco.kuldiga.lv\/lv\/wp-json\/wp\/v2\/pages\/286\/revisions\/1376"}],"wp:featuredmedia":[{"embeddable":true,"href":"http:\/\/unesco.kuldiga.lv\/lv\/wp-json\/wp\/v2\/media\/99"}],"wp:attachment":[{"href":"http:\/\/unesco.kuldiga.lv\/lv\/wp-json\/wp\/v2\/media?parent=286"}],"curies":[{"name":"wp","href":"https:\/\/api.w.org\/{rel}","templated":true}]}}