{"id":2,"date":"2020-05-17T13:26:41","date_gmt":"2020-05-17T13:26:41","guid":{"rendered":"http:\/?page_id=2"},"modified":"2020-09-09T11:15:43","modified_gmt":"2020-09-09T11:15:43","slug":"pasaules-mantojums","status":"publish","type":"page","link":"http:\/\/unesco.kuldiga.lv\/lv\/pasaules-mantojums\/","title":{"rendered":"Par pasaules mantojumu"},"content":{"rendered":"\r\n<h1>UNESCO<\/h1>\r\n<div id=\"writingContent\">\r\n<p><strong>UNESCO:<\/strong><br \/>Apvienoto N\u0101ciju Izgl\u012bt\u012bbas, zin\u0101tnes un kult\u016bras organiz\u0101cija (UNESCO)\u00a0 ir specializ\u0113ta Apvienoto N\u0101ciju Organiz\u0101cijas (ANO) a\u0123ent\u016bra. UNESCO dibin\u0101ta 1945. gada 16. novembr\u012b ar m\u0113r\u0137i veicin\u0101t vis\u0101 pasaul\u0113 miera kult\u016bru, rosin\u0101t sadarb\u012bbu un dialogu starp cilv\u0113kiem un da\u017e\u0101d\u0101m kult\u016br\u0101m, dot ieguld\u012bjumu nabadz\u012bbas mazin\u0101\u0161an\u0101 un veicin\u0101t ilgtsp\u0113j\u012bgu att\u012bst\u012bbu ar izgl\u012bt\u012bbas, zin\u0101tnes, kult\u016bras un komunik\u0101ciju pal\u012bdz\u012bbu.<br \/>UNESCO p\u0113c sava juridisk\u0101 statusa ir patst\u0101v\u012bga, autonoma starpvald\u012bbu organiz\u0101cija. \u0160obr\u012bd taj\u0101 ir 195 dal\u012bbvalstis. T\u0101s \u0123ener\u0101ldirektore kop\u0161 2017. gada rudens ir Francijas p\u0101rst\u0101ve Odrija Azul\u0113. UNESCO bud\u017eetu veido t\u0101s dal\u012bbvalstu ikgad\u0113j\u0101s iemaksas, k\u0101 ar\u012b \u012bpa\u0161as valstu m\u0113r\u0137dot\u0101cijas k\u0101du noteiktu programmu pilnveidei vai projektu realiz\u0101cijai.<br \/>UNESCO ir mantiniece Tautu Savien\u012bbas Starptautiskai komisijai intelektu\u0101l\u0101s sadarb\u012bbas jaut\u0101jumos, kas tika izveidota 1921. gad\u0101 ar m\u0113r\u0137i veicin\u0101t intelektu\u0101lu sadarb\u012bbu valstu starp\u0101 , t\u0101d\u0113j\u0101di nodro\u0161inot pasaules sabiedr\u012bbu un kult\u016bru mier\u012bgu l\u012bdz\u0101spast\u0101v\u0113\u0161anu. UNESCO ideja par cilv\u0113ces mier\u012bgu l\u012bdz\u0101s past\u0101v\u0113\u0161anu ir daudz sen\u0101ka \u2013 t\u0101 ir ideja par kop\u012bgu diskusiju, aicinot visas dal\u012bbvalstis \u201epie viena galda\u201d un vienl\u012bdz\u012bgi iesaist\u012bties, satikties un kop\u012bgi vienoties par r\u012bc\u012bbu, kas saist\u012bta ar cilv\u0113ces glob\u0101lajiem izaicin\u0101jumiem. \u0160\u012bs kop\u012bg\u0101s r\u012bc\u012bbas pamat\u0101 ir t\u0101du v\u0113rt\u012bbu, k\u0101 taisn\u012bgums, solidarit\u0101te, tolerance, cilv\u0113kties\u012bbas un vienl\u012bdz\u012bba iev\u0113ro\u0161ana.<\/p>\r\n<p><strong>UNESCO darb\u012bbas jomas:<\/strong><br \/>UNESCO izvirz\u012bto m\u0113r\u0137u izpildi \u012bsteno piec\u0101s \u2013 izgl\u012bt\u012bbas, dabas zin\u0101t\u0146u, soci\u0101lo un humanit\u0101ro zin\u0101t\u0146u, kult\u016bras, komunik\u0101cijas un inform\u0101cijas \u2013 darb\u012bbas jom\u0101s.<\/p>\r\n<p><strong>Izgl\u012bt\u012bba<\/strong>\u00a0ir vispla\u0161\u0101kais UNESCO darb\u012bbas lauks. UNESCO uzdevums ir tiekties p\u0113c izgl\u012bt\u012bbas pieejam\u012bbas vis\u0101 pasaul\u0113 ikvienam cilv\u0113kam neatkar\u012bgi no dzimuma, rases, reli\u0123isk\u0101s pieder\u012bbas, soci\u0101l\u0101 vai ekonomisk\u0101 st\u0101vok\u013ca. UNESCO izgl\u012bt\u012bbas programmu pilnveidei tiek izstr\u0101d\u0101tas strat\u0113\u0123ijas un risin\u0101jumi kvalit\u0101tes uzlabo\u0161anai, m\u0101c\u012bbu procesa un t\u0101 rezult\u0101tu izv\u0113rt\u0113\u0161anai, atv\u0113rtas un iek\u013caujo\u0161as vides veido\u0161anai, jaunu tehnolo\u0123iju un m\u0101c\u012bbu meto\u017eu izmanto\u0161anai visos izgl\u012bt\u012bbas l\u012bme\u0146os.<\/p>\r\n<p>UNESCO strat\u0113\u0123ija zin\u0101tnes jom\u0101 ir veicin\u0101t un izkopt zin\u0101tnes saikni ar sabiedr\u012bbu, uzsverot zin\u0101tni k\u0101 galveno l\u012bdzekli att\u012bst\u012bbai. UNESCO aicina dal\u012bbvalstis savas att\u012bst\u012bbas programmas balst\u012bt uz objekt\u012bviem p\u0113t\u012bjumiem un zin\u0101tnes un tehnolo\u0123iju sasniegumiem, turpretim zin\u0101tniekus UNESCO vieno un aicina rea\u0123\u0113t uz p\u0101rmai\u0146u procesiem, iedro\u0161inot mekl\u0113t tiem inovat\u012bvus risin\u0101jumus un att\u012bst\u012bt jaunas pieejas.<\/p>\r\n<p>UNESCO izvirz\u012btie pamatuzdevumi\u00a0<strong>dabas zin\u0101t\u0146u jom\u0101<\/strong>\u00a0ir sekm\u0113t p\u0113t\u012bjumus pamatzin\u0101tn\u0113s un in\u017eenierzin\u0101tn\u0113s, stiprin\u0101t zin\u0101tnisk\u0101s p\u0113tniec\u012bbas kapacit\u0101ti, sekm\u0113t vienl\u012bdz\u012bbu zin\u0101\u0161anu un tehnolo\u0123iju pieejam\u012bb\u0101 un veicin\u0101t sabiedr\u012bbas zin\u0101\u0161anas dabas zin\u0101t\u0146u jom\u0101s vis\u0101 pasaul\u0113.<\/p>\r\n<p>UNESCO\u00a0<strong>soci\u0101lo un humanit\u0101ro zin\u0101t\u0146u\u00a0 jom\u0101<\/strong>\u00a0sekm\u0113 zin\u0101\u0161anu uzkr\u0101\u0161anu, standartu izstr\u0101di, intelektu\u0101lo sadarb\u012bbu un domu apmai\u0146u ar m\u0113r\u0137i veicin\u0101t t\u0101du soci\u0101lo p\u0101rmai\u0146u procesus, kas sekm\u0113tu savstarp\u0113ju cie\u0146u un tiesisko un mor\u0101lo normu iev\u0113ro\u0161anu. UNESCO galven\u0101s aktivit\u0101tes \u0161aj\u0101 joma ir v\u0113rstas uz \u0113tikas, cilv\u0113kties\u012bbu, soci\u0101lo p\u0101rmai\u0146u un filozofijas jaut\u0101jumu pilnveidi, dodot ieguld\u012bjumu politikas dokumentu un r\u012bc\u012bbas pl\u0101nu izstr\u0101dei.<\/p>\r\n<p><strong>Kult\u016bra<\/strong>\u00a0ir UNESCO darb\u012bbas joma, kas saist\u012bta gan ar visas pasaules kop\u012bgo pieredzi un v\u0113rt\u012bb\u0101m, zin\u0101\u0161anu un prasmju mantojumu, gan ar\u012b cilv\u0113ces rado\u0161o darb\u012bbu un izpausmju daudzveid\u012bbu. Organiz\u0101cijas lomu kult\u016bras jom\u0101 raksturo t\u0101s ieguld\u012bjums glob\u0101l\u0101s att\u012bst\u012bbas un n\u0101ciju mier\u012bgas l\u012bdz\u0101spast\u0101v\u0113\u0161anas uztur\u0113\u0161an\u0101, kult\u016bras noz\u012bme ekonomisk\u0101s izaugsmes un soci\u0101l\u0101s salied\u0113t\u012bbas nodro\u0161in\u0101\u0161an\u0101. UNESCO uzskata kult\u016bru par att\u012bst\u012bbas pamatfaktoru.<\/p>\r\n<p><strong>Komunik\u0101cijas un inform\u0101cijas joma<\/strong>\u00a0ir UNESCO darb\u012bbas sektors komunik\u0101cijas, zin\u0101\u0161anu aprites un inform\u0101ciju tehnolo\u0123iju jaut\u0101jumos, kuros UNESCO kalpo k\u0101 forums, kur tiek risin\u0101ti un analiz\u0113ti inform\u0101cijas un komunik\u0101cijas tehnolo\u0123iju strauj\u0101s att\u012bst\u012bbas rad\u012btie soci\u0101lie, kult\u016bras, \u0113tikas un ties\u012bbu jomas izaicin\u0101jumi. UNESCO veicina v\u0101rda un preses br\u012bv\u012bbu, inform\u0101cijas un mediju lietotprat\u012bbu, visp\u0101r\u0113ju piek\u013cuvi inform\u0101cijai, \u0113tikas un demokr\u0101tijas principu iev\u0113ro\u0161anu un kult\u016bras daudzveid\u012bbas saglab\u0101\u0161anu pasaules inform\u0101cijas t\u012bklos.<\/p>\r\n<\/div>\r\n","protected":false},"excerpt":{"rendered":"<p>UNESCO UNESCO:Apvienoto N\u0101ciju Izgl\u012bt\u012bbas, zin\u0101tnes un kult\u016bras organiz\u0101cija (UNESCO)\u00a0 ir specializ\u0113ta Apvienoto N\u0101ciju Organiz\u0101cijas (ANO) a\u0123ent\u016bra. UNESCO dibin\u0101ta 1945. gada 16. novembr\u012b ar m\u0113r\u0137i veicin\u0101t vis\u0101 pasaul\u0113 miera kult\u016bru, rosin\u0101t sadarb\u012bbu un dialogu starp cilv\u0113kiem un da\u017e\u0101d\u0101m kult\u016br\u0101m, dot ieguld\u012bjumu nabadz\u012bbas mazin\u0101\u0161an\u0101 un veicin\u0101t ilgtsp\u0113j\u012bgu att\u012bst\u012bbu ar izgl\u012bt\u012bbas, zin\u0101tnes, kult\u016bras &hellip;<\/p>\n","protected":false},"author":1,"featured_media":0,"parent":0,"menu_order":2,"comment_status":"closed","ping_status":"closed","template":"","meta":{"footnotes":""},"class_list":["post-2","page","type-page","status-publish","hentry"],"_links":{"self":[{"href":"http:\/\/unesco.kuldiga.lv\/lv\/wp-json\/wp\/v2\/pages\/2","targetHints":{"allow":["GET"]}}],"collection":[{"href":"http:\/\/unesco.kuldiga.lv\/lv\/wp-json\/wp\/v2\/pages"}],"about":[{"href":"http:\/\/unesco.kuldiga.lv\/lv\/wp-json\/wp\/v2\/types\/page"}],"author":[{"embeddable":true,"href":"http:\/\/unesco.kuldiga.lv\/lv\/wp-json\/wp\/v2\/users\/1"}],"replies":[{"embeddable":true,"href":"http:\/\/unesco.kuldiga.lv\/lv\/wp-json\/wp\/v2\/comments?post=2"}],"version-history":[{"count":4,"href":"http:\/\/unesco.kuldiga.lv\/lv\/wp-json\/wp\/v2\/pages\/2\/revisions"}],"predecessor-version":[{"id":322,"href":"http:\/\/unesco.kuldiga.lv\/lv\/wp-json\/wp\/v2\/pages\/2\/revisions\/322"}],"wp:attachment":[{"href":"http:\/\/unesco.kuldiga.lv\/lv\/wp-json\/wp\/v2\/media?parent=2"}],"curies":[{"name":"wp","href":"https:\/\/api.w.org\/{rel}","templated":true}]}}