{"id":852,"date":"2023-07-06T11:13:57","date_gmt":"2023-07-06T11:13:57","guid":{"rendered":"https:\/\/unesco.kuldiga.lv\/?page_id=852"},"modified":"2023-07-06T11:13:57","modified_gmt":"2023-07-06T11:13:57","slug":"kontakti","status":"publish","type":"page","link":"http:\/\/unesco.kuldiga.lv\/en\/kontakti\/","title":{"rendered":"Contacts"},"content":{"rendered":"<p><strong>Municipality of Kuld\u012bga district<\/strong><br \/>\nBazn\u012bcas iela 1, Kuld\u012bga, Kuld\u012bga county, LV 3301, Latvia<br \/>\nPhone: +371 63350100, +371 63322339, +371 27020638<br \/>\nE-mail: <a href=\"mailto:dome@kuldigasnovads.lv\">dome@kuldigasnovads.lv<\/a>, <a href=\"mailto:jana.jakobsone@kuldiga.lv\">jana.jakobsone@kuldiga.lv<\/a><br \/>\nWebsite: <a href=\"https:\/\/unesco.kuldiga.lv\/en\/\">https:\/\/unesco.kuldiga.lv\/<\/a><\/p>","protected":false},"excerpt":{"rendered":"<p>Kuld\u012bgas novada pa\u0161vald\u012bba Bazn\u012bcas iela 1, Kuld\u012bga, Kuld\u012bgas novads, LV 3301, Latvija T\u0101lrunis: +371 63350100, +371 63322339, +371 27020638 E-pasts: dome@kuldigasnovads.lv, jana.jakobsone@kuldiga.lv T\u012bmek\u013ca vietne: https:\/\/unesco.kuldiga.lv\/<\/p>","protected":false},"author":1,"featured_media":0,"parent":0,"menu_order":0,"comment_status":"closed","ping_status":"closed","template":"","meta":{"footnotes":""},"class_list":["post-852","page","type-page","status-publish","hentry"],"_links":{"self":[{"href":"http:\/\/unesco.kuldiga.lv\/en\/wp-json\/wp\/v2\/pages\/852","targetHints":{"allow":["GET"]}}],"collection":[{"href":"http:\/\/unesco.kuldiga.lv\/en\/wp-json\/wp\/v2\/pages"}],"about":[{"href":"http:\/\/unesco.kuldiga.lv\/en\/wp-json\/wp\/v2\/types\/page"}],"author":[{"embeddable":true,"href":"http:\/\/unesco.kuldiga.lv\/en\/wp-json\/wp\/v2\/users\/1"}],"replies":[{"embeddable":true,"href":"http:\/\/unesco.kuldiga.lv\/en\/wp-json\/wp\/v2\/comments?post=852"}],"version-history":[{"count":1,"href":"http:\/\/unesco.kuldiga.lv\/en\/wp-json\/wp\/v2\/pages\/852\/revisions"}],"predecessor-version":[{"id":854,"href":"http:\/\/unesco.kuldiga.lv\/en\/wp-json\/wp\/v2\/pages\/852\/revisions\/854"}],"wp:attachment":[{"href":"http:\/\/unesco.kuldiga.lv\/en\/wp-json\/wp\/v2\/media?parent=852"}],"curies":[{"name":"wp","href":"https:\/\/api.w.org\/{rel}","templated":true}]}}