{"id":286,"date":"2020-09-07T07:56:48","date_gmt":"2020-09-07T07:56:48","guid":{"rendered":"http:\/\/127.0.0.1:81\/wordpress\/?page_id=286"},"modified":"2026-03-07T11:45:23","modified_gmt":"2026-03-07T11:45:23","slug":"kuldiga-cela-uz-unesco-lidzsinejie-posmi","status":"publish","type":"page","link":"http:\/\/unesco.kuldiga.lv\/en\/kuldiga-cela-uz-unesco-lidzsinejie-posmi\/","title":{"rendered":"Kuldiga on the way to UNESCO - the stages so far"},"content":{"rendered":"<p><strong>1997\u00a0\u2013 <\/strong>Latvija ratific\u0113 UNESCO Konvenciju par pasaules kult\u016bras un dabas mantojuma aizsardz\u012bbu, rodas ideja par Kuld\u012bgas nomin\u0101ciju UNESCO pasaules mantojuma sarakstam.<br \/>\n<strong>2001\u00a0\u2013 <\/strong>Kuld\u012bgas pa\u0161vald\u012bba UNESCO Latvijas Nacion\u0101lajai komisijai iesniedz zi\u0146ojumu par v\u0113lmi uzs\u0101kt darbu pie Kuld\u012bgas nomin\u0101cijas sagatavo\u0161anas kop\u0101 ar Nacion\u0101lo kult\u016bras mantojuma p\u0101rvaldi.<br \/>\n<strong>2004\u00a0\u2013 <\/strong>Iesniegta un apstiprin\u0101ta Kuld\u012bgas nomin\u0101cija UNESCO Pasaules mantojuma Latvijas nacion\u0101laj\u0101 sarakst\u0101.<br \/>\n<strong>2011\u00a0\u2013 <\/strong>UNESCO LNK Asambleja p\u0101rapstiprina Kuld\u012bgas nomin\u0101cijas vietu UNESCO Pasaules mantojuma Latvijas nacion\u0101laj\u0101 sarakst\u0101 unizvirza nosac\u012bjumus sagatavo\u0161an\u0101s darbiem, lai nomin\u0101cija n\u0101kotn\u0113 var\u0113tu tiktu iesniegta UNESCO Pasaules mantojuma sarakstam.<br \/>\n<strong>2021 &#8211; \u00a0<\/strong>Latvija UNESCO Pasaules mantojuma sarakstam nomin\u0113 Kuld\u012bgu, iesniedzot UNESCO Pasaules mantojuma centram sagatavoto nomin\u0101cijas \u201cKuld\u012bga\/Goldingena Kurzem\u0113\u201d<br \/>\n<strong>2023 &#8211;\u00a0 <\/strong>A positive decision of the experts of the International Council of Landmarks and Monuments (ICOMOS) was received regarding the inscription of Kuld\u012bga's nomination into the World Heritage List, which is a recommendation for the vote of the members of the UNESCO World Heritage Committee. It is recommended to expand the territory to be included in the nomination, the scope of historical stages and change the name to \"Kuld\u012bga Old Town.\"<br \/>\n<strong>2023\u00a0&#8211;\u00a0 <\/strong>17. September, the 45th session of the UNESCO World Heritage Committee in Riyadh, Saudi Arabia, makes decision on the inscription of the Kuld\u012bga Old Town to the UNESCO World Heritage List<\/p>","protected":false},"excerpt":{"rendered":"<p>1997\u00a0\u2013 Latvija ratific\u0113 UNESCO Konvenciju par pasaules kult\u016bras un dabas mantojuma aizsardz\u012bbu, rodas ideja par Kuld\u012bgas nomin\u0101ciju UNESCO pasaules mantojuma sarakstam. 2001\u00a0\u2013 Kuld\u012bgas pa\u0161vald\u012bba UNESCO Latvijas Nacion\u0101lajai komisijai iesniedz zi\u0146ojumu par v\u0113lmi uzs\u0101kt darbu pie Kuld\u012bgas nomin\u0101cijas sagatavo\u0161anas kop\u0101 ar Nacion\u0101lo kult\u016bras mantojuma p\u0101rvaldi. 2004\u00a0\u2013 Iesniegta un apstiprin\u0101ta Kuld\u012bgas nomin\u0101cija &hellip;<\/p>","protected":false},"author":1,"featured_media":99,"parent":0,"menu_order":0,"comment_status":"closed","ping_status":"closed","template":"","meta":{"footnotes":""},"class_list":["post-286","page","type-page","status-publish","has-post-thumbnail","hentry"],"_links":{"self":[{"href":"http:\/\/unesco.kuldiga.lv\/en\/wp-json\/wp\/v2\/pages\/286","targetHints":{"allow":["GET"]}}],"collection":[{"href":"http:\/\/unesco.kuldiga.lv\/en\/wp-json\/wp\/v2\/pages"}],"about":[{"href":"http:\/\/unesco.kuldiga.lv\/en\/wp-json\/wp\/v2\/types\/page"}],"author":[{"embeddable":true,"href":"http:\/\/unesco.kuldiga.lv\/en\/wp-json\/wp\/v2\/users\/1"}],"replies":[{"embeddable":true,"href":"http:\/\/unesco.kuldiga.lv\/en\/wp-json\/wp\/v2\/comments?post=286"}],"version-history":[{"count":8,"href":"http:\/\/unesco.kuldiga.lv\/en\/wp-json\/wp\/v2\/pages\/286\/revisions"}],"predecessor-version":[{"id":1376,"href":"http:\/\/unesco.kuldiga.lv\/en\/wp-json\/wp\/v2\/pages\/286\/revisions\/1376"}],"wp:featuredmedia":[{"embeddable":true,"href":"http:\/\/unesco.kuldiga.lv\/en\/wp-json\/wp\/v2\/media\/99"}],"wp:attachment":[{"href":"http:\/\/unesco.kuldiga.lv\/en\/wp-json\/wp\/v2\/media?parent=286"}],"curies":[{"name":"wp","href":"https:\/\/api.w.org\/{rel}","templated":true}]}}