{"id":2,"date":"2020-05-17T13:26:41","date_gmt":"2020-05-17T13:26:41","guid":{"rendered":"http:\/?page_id=2"},"modified":"2020-09-09T11:15:43","modified_gmt":"2020-09-09T11:15:43","slug":"pasaules-mantojums","status":"publish","type":"page","link":"http:\/\/unesco.kuldiga.lv\/en\/pasaules-mantojums\/","title":{"rendered":"World heritage"},"content":{"rendered":"<h1>UNESCO<\/h1>\r\n<div id=\"writingContent\">\r\n<p><strong>UNESCO:<\/strong><br \/>The United Nations Educational, Scientific and Cultural Organization (UNESCO) is a specialized agency of the United Nations (UN). UNESCO was founded on November 16, 1945 with the aim of fostering a culture of peace throughout the world, encouraging cooperation and dialogue between people and different cultures, contributing to the eradicating of poverty and driving sustainable development through education, science, culture and communication.<br \/>According to its legal status, UNESCO is an independent, autonomous intergovernmental organization. It currently has 195 Member States. Its Director-General since the fall of 2017 is the representative of France, Audrey Azoulay. UNESCO's budget consists of the annual contributions of its Member States, as well as special national grants for the development of certain programs or the implementation of projects.\n\nUNESCO's fields of activity are: education, natural sciences, social and humanitarian sciences, culture, communication and information. More information here: https:\/\/www.unesco.org\/en<br \/>UNESCO is the heir to the International Commission on Intellectual Cooperation of the League of Nations, which was established in 1921 with the aim of promoting intellectual cooperation between countries, thus ensuring the peaceful coexistence of world societies and cultures. UNESCO's idea of the peaceful coexistence of mankind is much older - it is the idea of a joint discussion, inviting all member states \"to the same table\" and to equally engage, meet and jointly agree on actions related to the global challenges of mankind. This joint action is based on values such as justice, solidarity, tolerance, human rights and equality.<\/p>\r\n<p><strong>UNESCO's areas of activity:<\/strong><br \/>The fulfillment of the goals set by UNESCO is carried out in five fields of activity - education, natural sciences, social and humanitarian sciences, culture, communication and information.<\/p>\r\n<p><strong>Education<\/strong>\u00a0is the widest field of activity of UNESCO. UNESCO's mission is to strive for access to education throughout the world for everyone, regardless of gender, race, religion, social or economic status. For the improvement of UNESCO educational programs, strategies and solutions are developed for improving quality, evaluating the learning process and its results, creating an open and inclusive environment, using new technologies and teaching methods at all levels of education.<\/p>\r\n<p>UNESCO's strategy in the field of science is to promote and cultivate the connection between science and society, emphasizing science as a key tool for development. UNESCO invites member states to base their development programs on objective research and scientific and technological achievements, while UNESCO unites scientists and invites them to respond to change processes, encouraging them to look for innovative solutions and develop new approaches.<\/p>\r\n<p>The main tasks set by UNESCO\u00a0<strong>in the natural sciences<\/strong>\u00a0is to promote research in basic sciences and engineering, strengthen scientific research capacity, promote equality in access to knowledge and technology, and promote public knowledge in the fields of natural sciences worldwide.<\/p>\r\n<p>UNESCO\u00a0<strong>in social and human sciences<\/strong>\u00a0promotes the accumulation of knowledge, the development of standards, intellectual cooperation and the exchange of ideas with the aim of promoting such social change processes that would promote mutual respect and observance of legal and moral norms. UNESCO's main activities in this area are focused on the development of issues of ethics, human rights, social change and philosophy, contributing to the development of policy documents and action plans.<\/p>\r\n<p><strong>Culture<\/strong>\u00a0is the scope of UNESCO's activity, which is related to both the shared experience and values of the whole world, the heritage of knowledge and skills, as well as the diversity of creative activities and expressions of humanity. The organization's role in the field of culture is characterized by its contribution to global development and the maintenance of peaceful coexistence of nations, the importance of culture in ensuring economic growth and social cohesion. UNESCO considers culture as a fundamental factor of development.<\/p>\r\n<p><strong>Communication and information field<\/strong>\u00a0ir UNESCO darb\u012bbas sektors komunik\u0101cijas, zin\u0101\u0161anu aprites un inform\u0101ciju tehnolo\u0123iju jaut\u0101jumos, kuros UNESCO kalpo k\u0101 forums, kur tiek risin\u0101ti un analiz\u0113ti inform\u0101cijas un komunik\u0101cijas tehnolo\u0123iju strauj\u0101s att\u012bst\u012bbas rad\u012btie soci\u0101lie, kult\u016bras, \u0113tikas un ties\u012bbu jomas izaicin\u0101jumi. UNESCO veicina v\u0101rda un preses br\u012bv\u012bbu, inform\u0101cijas un mediju lietotprat\u012bbu, visp\u0101r\u0113ju piek\u013cuvi inform\u0101cijai, \u0113tikas un demokr\u0101tijas principu iev\u0113ro\u0161anu un kult\u016bras daudzveid\u012bbas saglab\u0101\u0161anu pasaules inform\u0101cijas t\u012bklos.<\/p>\r\n<\/div>","protected":false},"excerpt":{"rendered":"<p>UNESCO UNESCO:Apvienoto N\u0101ciju Izgl\u012bt\u012bbas, zin\u0101tnes un kult\u016bras organiz\u0101cija (UNESCO)\u00a0 ir specializ\u0113ta Apvienoto N\u0101ciju Organiz\u0101cijas (ANO) a\u0123ent\u016bra. UNESCO dibin\u0101ta 1945. gada 16. novembr\u012b ar m\u0113r\u0137i veicin\u0101t vis\u0101 pasaul\u0113 miera kult\u016bru, rosin\u0101t sadarb\u012bbu un dialogu starp cilv\u0113kiem un da\u017e\u0101d\u0101m kult\u016br\u0101m, dot ieguld\u012bjumu nabadz\u012bbas mazin\u0101\u0161an\u0101 un veicin\u0101t ilgtsp\u0113j\u012bgu att\u012bst\u012bbu ar izgl\u012bt\u012bbas, zin\u0101tnes, kult\u016bras &hellip;<\/p>","protected":false},"author":1,"featured_media":0,"parent":0,"menu_order":2,"comment_status":"closed","ping_status":"closed","template":"","meta":{"footnotes":""},"class_list":["post-2","page","type-page","status-publish","hentry"],"_links":{"self":[{"href":"http:\/\/unesco.kuldiga.lv\/en\/wp-json\/wp\/v2\/pages\/2","targetHints":{"allow":["GET"]}}],"collection":[{"href":"http:\/\/unesco.kuldiga.lv\/en\/wp-json\/wp\/v2\/pages"}],"about":[{"href":"http:\/\/unesco.kuldiga.lv\/en\/wp-json\/wp\/v2\/types\/page"}],"author":[{"embeddable":true,"href":"http:\/\/unesco.kuldiga.lv\/en\/wp-json\/wp\/v2\/users\/1"}],"replies":[{"embeddable":true,"href":"http:\/\/unesco.kuldiga.lv\/en\/wp-json\/wp\/v2\/comments?post=2"}],"version-history":[{"count":4,"href":"http:\/\/unesco.kuldiga.lv\/en\/wp-json\/wp\/v2\/pages\/2\/revisions"}],"predecessor-version":[{"id":322,"href":"http:\/\/unesco.kuldiga.lv\/en\/wp-json\/wp\/v2\/pages\/2\/revisions\/322"}],"wp:attachment":[{"href":"http:\/\/unesco.kuldiga.lv\/en\/wp-json\/wp\/v2\/media?parent=2"}],"curies":[{"name":"wp","href":"https:\/\/api.w.org\/{rel}","templated":true}]}}