{"id":132,"date":"2020-09-03T18:41:29","date_gmt":"2020-09-03T18:41:29","guid":{"rendered":"http:\/\/127.0.0.1:81\/wordpress\/?page_id=132"},"modified":"2020-09-04T11:48:13","modified_gmt":"2020-09-04T11:48:13","slug":"2-gramata","status":"publish","type":"page","link":"http:\/\/unesco.kuldiga.lv\/en\/2-gramata\/","title":{"rendered":"Gr\u0101mata &#8220;Kuld\u012bga. Laiki, cilv\u0113ki, ainava&#8221;"},"content":{"rendered":"<figure class=\"wp-block-image\"><img decoding=\"async\" src=\"https:\/\/www.kuldiga.lv\/images\/Rakstiem\/Neapstradatas_bildes\/kuldiga_laiki_cilveki_ainava.jpg\" alt=\"\"\/><\/figure>\n\n\n\n<p>Tagad p\u0113t\u012bjumus &#8221;Kuld\u012bga. Laiki, cilv\u0113ki, ainava\u201d ir br\u012bvi pieejams ikvienam.<\/p>\n\n\n\n<p>Br\u012bdin\u0101m, ka lejupiel\u0101de var ieilgt, jo fails ir apjom\u012bgs &#8211; 45,5 MB.<\/p>\n\n\n\n<p><a href=\"https:\/\/www.kuldiga.lv\/images\/Faili\/Kuldiga\/KULDIGA-VISA2509-compressed.pdf\" class=\"mtli_attachment mtli_pdf\" target=\"_blank\" rel=\"noreferrer noopener\">P\u0112T\u012aJUMS &#8220;KULD\u012aGA. LAIKI, CILV\u0112KI, AINAVA&#8221;<\/a><\/p>","protected":false},"excerpt":{"rendered":"<p>Tagad p\u0113t\u012bjumus &#8221;Kuld\u012bga. Laiki, cilv\u0113ki, ainava\u201d ir br\u012bvi pieejams ikvienam. Br\u012bdin\u0101m, ka lejupiel\u0101de var ieilgt, jo fails ir apjom\u012bgs &#8211; 45,5 MB. P\u0112T\u012aJUMS &#8220;KULD\u012aGA. LAIKI, CILV\u0112KI, AINAVA&#8221;<\/p>","protected":false},"author":1,"featured_media":0,"parent":0,"menu_order":0,"comment_status":"closed","ping_status":"closed","template":"","meta":{"footnotes":""},"class_list":["post-132","page","type-page","status-publish","hentry"],"_links":{"self":[{"href":"http:\/\/unesco.kuldiga.lv\/en\/wp-json\/wp\/v2\/pages\/132","targetHints":{"allow":["GET"]}}],"collection":[{"href":"http:\/\/unesco.kuldiga.lv\/en\/wp-json\/wp\/v2\/pages"}],"about":[{"href":"http:\/\/unesco.kuldiga.lv\/en\/wp-json\/wp\/v2\/types\/page"}],"author":[{"embeddable":true,"href":"http:\/\/unesco.kuldiga.lv\/en\/wp-json\/wp\/v2\/users\/1"}],"replies":[{"embeddable":true,"href":"http:\/\/unesco.kuldiga.lv\/en\/wp-json\/wp\/v2\/comments?post=132"}],"version-history":[{"count":2,"href":"http:\/\/unesco.kuldiga.lv\/en\/wp-json\/wp\/v2\/pages\/132\/revisions"}],"predecessor-version":[{"id":222,"href":"http:\/\/unesco.kuldiga.lv\/en\/wp-json\/wp\/v2\/pages\/132\/revisions\/222"}],"wp:attachment":[{"href":"http:\/\/unesco.kuldiga.lv\/en\/wp-json\/wp\/v2\/media?parent=132"}],"curies":[{"name":"wp","href":"https:\/\/api.w.org\/{rel}","templated":true}]}}